{"id":1242,"date":"2024-04-05T10:12:18","date_gmt":"2024-04-05T08:12:18","guid":{"rendered":"https:\/\/www.kialocosmetics.com\/mein-account\/"},"modified":"2024-05-06T16:00:25","modified_gmt":"2024-05-06T14:00:25","slug":"mein-account","status":"publish","type":"page","link":"https:\/\/www.kialocosmetics.com\/de\/mein-account\/","title":{"rendered":"Mein Account"},"content":{"rendered":"\t\t<div data-elementor-type=\"wp-page\" data-elementor-id=\"1242\" class=\"elementor elementor-1242 elementor-678\" data-elementor-post-type=\"page\">\n\t\t\t\t<div class=\"elementor-element elementor-element-b77bfd9 e-flex e-con-boxed e-con e-parent\" data-id=\"b77bfd9\" data-element_type=\"container\" data-e-type=\"container\">\n\t\t\t\t\t<div class=\"e-con-inner\">\n\t\t\t\t<div class=\"elementor-element elementor-element-a3676e6 e-my-account-tabs-vertical elementor-widget elementor-widget-woocommerce-my-account\" data-id=\"a3676e6\" data-element_type=\"widget\" data-e-type=\"widget\" id=\"mi-cuenta\" data-widget_type=\"woocommerce-my-account.default\">\n\t\t\t\t<div class=\"elementor-widget-container\">\n\t\t\t\t\t<div class=\"e-my-account-tab e-my-account-tab__ \">\t\t\t<div class=\"woocommerce\"><\/div>\t\t<\/div>\n\t\t\t\t\t\t<\/div>\n\t\t\t\t<\/div>\n\t\t\t\t\t<\/div>\n\t\t\t\t<\/div>\n\t\t\t\t<\/div>\n\t\t","protected":false},"excerpt":{"rendered":"<p>Schreibtisch Auftr\u00e4ge Adressen M\u00e9todos de pago Kontodetails Abmelden Hola babelAdmin (\u00bfno eres babelAdmin? Cerrar sesi\u00f3n) Desde el escritorio de tu cuenta puedes ver tus pedidos recientes, gestionar tus direcciones de env\u00edo y facturaci\u00f3n y editar tu contrase\u00f1a y los detalles de tu cuenta.<\/p>\n","protected":false},"author":1,"featured_media":0,"parent":0,"menu_order":0,"comment_status":"closed","ping_status":"closed","template":"elementor_header_footer","meta":{"_acf_changed":false,"footnotes":""},"class_list":["post-1242","page","type-page","status-publish","hentry"],"acf":[],"yoast_head":"<!-- This site is optimized with the Yoast SEO plugin v27.5 - https:\/\/yoast.com\/product\/yoast-seo-wordpress\/ -->\n<title>Mein Account - Kialo<\/title>\n<meta name=\"robots\" content=\"index, follow, max-snippet:-1, max-image-preview:large, max-video-preview:-1\" \/>\n<link rel=\"canonical\" href=\"https:\/\/www.kialocosmetics.com\/mi-cuenta\/\" \/>\n<meta property=\"og:locale\" content=\"de_DE\" \/>\n<meta property=\"og:type\" content=\"article\" \/>\n<meta property=\"og:title\" content=\"Mein Account - Kialo\" \/>\n<meta property=\"og:description\" content=\"Schreibtisch Auftr\u00e4ge Adressen M\u00e9todos de pago Kontodetails Abmelden Hola babelAdmin (\u00bfno eres babelAdmin? Cerrar sesi\u00f3n) Desde el escritorio de tu cuenta puedes ver tus pedidos recientes, gestionar tus direcciones de env\u00edo y facturaci\u00f3n y editar tu contrase\u00f1a y los detalles de tu cuenta.\" \/>\n<meta property=\"og:url\" content=\"https:\/\/www.kialocosmetics.com\/mi-cuenta\/\" \/>\n<meta property=\"og:site_name\" content=\"Kialo\" \/>\n<meta property=\"article:publisher\" content=\"https:\/\/www.facebook.com\/profile.php?id=61558155237230&amp;locale=es_LA\" \/>\n<meta property=\"article:modified_time\" content=\"2024-05-06T14:00:25+00:00\" \/>\n<meta property=\"og:image\" content=\"https:\/\/www.kialocosmetics.com\/wp-content\/uploads\/2024\/04\/Sombras_naturaleza_piel.jpg\" \/>\n\t<meta property=\"og:image:width\" content=\"299\" \/>\n\t<meta property=\"og:image:height\" content=\"289\" \/>\n\t<meta property=\"og:image:type\" content=\"image\/jpeg\" \/>\n<meta name=\"twitter:card\" content=\"summary_large_image\" \/>\n<script type=\"application\/ld+json\" class=\"yoast-schema-graph\">{\"@context\":\"https:\\\/\\\/schema.org\",\"@graph\":[{\"@type\":\"WebPage\",\"@id\":\"https:\\\/\\\/www.kialocosmetics.com\\\/mi-cuenta\\\/\",\"url\":\"https:\\\/\\\/www.kialocosmetics.com\\\/mi-cuenta\\\/\",\"name\":\"Mein Account - Kialo\",\"isPartOf\":{\"@id\":\"https:\\\/\\\/www.kialocosmetics.com\\\/#website\"},\"datePublished\":\"2024-04-05T08:12:18+00:00\",\"dateModified\":\"2024-05-06T14:00:25+00:00\",\"breadcrumb\":{\"@id\":\"https:\\\/\\\/www.kialocosmetics.com\\\/mi-cuenta\\\/#breadcrumb\"},\"inLanguage\":\"de\",\"potentialAction\":[{\"@type\":\"ReadAction\",\"target\":[\"https:\\\/\\\/www.kialocosmetics.com\\\/mi-cuenta\\\/\"]}]},{\"@type\":\"BreadcrumbList\",\"@id\":\"https:\\\/\\\/www.kialocosmetics.com\\\/mi-cuenta\\\/#breadcrumb\",\"itemListElement\":[{\"@type\":\"ListItem\",\"position\":1,\"name\":\"Portada\",\"item\":\"https:\\\/\\\/www.kialocosmetics.com\\\/de\\\/\"},{\"@type\":\"ListItem\",\"position\":2,\"name\":\"Mein Account\"}]},{\"@type\":\"WebSite\",\"@id\":\"https:\\\/\\\/www.kialocosmetics.com\\\/#website\",\"url\":\"https:\\\/\\\/www.kialocosmetics.com\\\/\",\"name\":\"Kialo cosmetics\",\"description\":\"Cosm\u00e9tica honesta, naturalmente\",\"publisher\":{\"@id\":\"https:\\\/\\\/www.kialocosmetics.com\\\/#organization\"},\"alternateName\":\"Kialo\",\"potentialAction\":[{\"@type\":\"SearchAction\",\"target\":{\"@type\":\"EntryPoint\",\"urlTemplate\":\"https:\\\/\\\/www.kialocosmetics.com\\\/?s={search_term_string}\"},\"query-input\":{\"@type\":\"PropertyValueSpecification\",\"valueRequired\":true,\"valueName\":\"search_term_string\"}}],\"inLanguage\":\"de\"},{\"@type\":\"Organization\",\"@id\":\"https:\\\/\\\/www.kialocosmetics.com\\\/#organization\",\"name\":\"Kialo\",\"url\":\"https:\\\/\\\/www.kialocosmetics.com\\\/\",\"logo\":{\"@type\":\"ImageObject\",\"inLanguage\":\"de\",\"@id\":\"https:\\\/\\\/www.kialocosmetics.com\\\/#\\\/schema\\\/logo\\\/image\\\/\",\"url\":\"https:\\\/\\\/www.kialocosmetics.com\\\/wp-content\\\/uploads\\\/2024\\\/05\\\/kialo-logotipo-verde-rgb-1200px-w-72ppi.png\",\"contentUrl\":\"https:\\\/\\\/www.kialocosmetics.com\\\/wp-content\\\/uploads\\\/2024\\\/05\\\/kialo-logotipo-verde-rgb-1200px-w-72ppi.png\",\"width\":1200,\"height\":396,\"caption\":\"Kialo\"},\"image\":{\"@id\":\"https:\\\/\\\/www.kialocosmetics.com\\\/#\\\/schema\\\/logo\\\/image\\\/\"},\"sameAs\":[\"https:\\\/\\\/www.facebook.com\\\/profile.php?id=61558155237230&locale=es_LA\",\"https:\\\/\\\/www.instagram.com\\\/kialocosmetics\\\/\",\"https:\\\/\\\/www.pinterest.es\\\/kialocosmetics\\\/\",\"https:\\\/\\\/www.tiktok.com\\\/@kialocosmetics\"]}]}<\/script>\n<!-- \/ Yoast SEO plugin. -->","yoast_head_json":{"title":"Mein Account - Kialo","robots":{"index":"index","follow":"follow","max-snippet":"max-snippet:-1","max-image-preview":"max-image-preview:large","max-video-preview":"max-video-preview:-1"},"canonical":"https:\/\/www.kialocosmetics.com\/mi-cuenta\/","og_locale":"de_DE","og_type":"article","og_title":"Mein Account - Kialo","og_description":"Schreibtisch Auftr\u00e4ge Adressen M\u00e9todos de pago Kontodetails Abmelden Hola babelAdmin (\u00bfno eres babelAdmin? Cerrar sesi\u00f3n) Desde el escritorio de tu cuenta puedes ver tus pedidos recientes, gestionar tus direcciones de env\u00edo y facturaci\u00f3n y editar tu contrase\u00f1a y los detalles de tu cuenta.","og_url":"https:\/\/www.kialocosmetics.com\/mi-cuenta\/","og_site_name":"Kialo","article_publisher":"https:\/\/www.facebook.com\/profile.php?id=61558155237230&locale=es_LA","article_modified_time":"2024-05-06T14:00:25+00:00","og_image":[{"width":299,"height":289,"url":"https:\/\/www.kialocosmetics.com\/wp-content\/uploads\/2024\/04\/Sombras_naturaleza_piel.jpg","type":"image\/jpeg"}],"twitter_card":"summary_large_image","schema":{"@context":"https:\/\/schema.org","@graph":[{"@type":"WebPage","@id":"https:\/\/www.kialocosmetics.com\/mi-cuenta\/","url":"https:\/\/www.kialocosmetics.com\/mi-cuenta\/","name":"Mein Account - Kialo","isPartOf":{"@id":"https:\/\/www.kialocosmetics.com\/#website"},"datePublished":"2024-04-05T08:12:18+00:00","dateModified":"2024-05-06T14:00:25+00:00","breadcrumb":{"@id":"https:\/\/www.kialocosmetics.com\/mi-cuenta\/#breadcrumb"},"inLanguage":"de","potentialAction":[{"@type":"ReadAction","target":["https:\/\/www.kialocosmetics.com\/mi-cuenta\/"]}]},{"@type":"BreadcrumbList","@id":"https:\/\/www.kialocosmetics.com\/mi-cuenta\/#breadcrumb","itemListElement":[{"@type":"ListItem","position":1,"name":"Portada","item":"https:\/\/www.kialocosmetics.com\/de\/"},{"@type":"ListItem","position":2,"name":"Mein Account"}]},{"@type":"WebSite","@id":"https:\/\/www.kialocosmetics.com\/#website","url":"https:\/\/www.kialocosmetics.com\/","name":"Kialo cosmetics","description":"Cosm\u00e9tica honesta, naturalmente","publisher":{"@id":"https:\/\/www.kialocosmetics.com\/#organization"},"alternateName":"Kialo","potentialAction":[{"@type":"SearchAction","target":{"@type":"EntryPoint","urlTemplate":"https:\/\/www.kialocosmetics.com\/?s={search_term_string}"},"query-input":{"@type":"PropertyValueSpecification","valueRequired":true,"valueName":"search_term_string"}}],"inLanguage":"de"},{"@type":"Organization","@id":"https:\/\/www.kialocosmetics.com\/#organization","name":"Kialo","url":"https:\/\/www.kialocosmetics.com\/","logo":{"@type":"ImageObject","inLanguage":"de","@id":"https:\/\/www.kialocosmetics.com\/#\/schema\/logo\/image\/","url":"https:\/\/www.kialocosmetics.com\/wp-content\/uploads\/2024\/05\/kialo-logotipo-verde-rgb-1200px-w-72ppi.png","contentUrl":"https:\/\/www.kialocosmetics.com\/wp-content\/uploads\/2024\/05\/kialo-logotipo-verde-rgb-1200px-w-72ppi.png","width":1200,"height":396,"caption":"Kialo"},"image":{"@id":"https:\/\/www.kialocosmetics.com\/#\/schema\/logo\/image\/"},"sameAs":["https:\/\/www.facebook.com\/profile.php?id=61558155237230&locale=es_LA","https:\/\/www.instagram.com\/kialocosmetics\/","https:\/\/www.pinterest.es\/kialocosmetics\/","https:\/\/www.tiktok.com\/@kialocosmetics"]}]}},"_links":{"self":[{"href":"https:\/\/www.kialocosmetics.com\/de\/wp-json\/wp\/v2\/pages\/1242","targetHints":{"allow":["GET"]}}],"collection":[{"href":"https:\/\/www.kialocosmetics.com\/de\/wp-json\/wp\/v2\/pages"}],"about":[{"href":"https:\/\/www.kialocosmetics.com\/de\/wp-json\/wp\/v2\/types\/page"}],"author":[{"embeddable":true,"href":"https:\/\/www.kialocosmetics.com\/de\/wp-json\/wp\/v2\/users\/1"}],"replies":[{"embeddable":true,"href":"https:\/\/www.kialocosmetics.com\/de\/wp-json\/wp\/v2\/comments?post=1242"}],"version-history":[{"count":5,"href":"https:\/\/www.kialocosmetics.com\/de\/wp-json\/wp\/v2\/pages\/1242\/revisions"}],"predecessor-version":[{"id":1581,"href":"https:\/\/www.kialocosmetics.com\/de\/wp-json\/wp\/v2\/pages\/1242\/revisions\/1581"}],"wp:attachment":[{"href":"https:\/\/www.kialocosmetics.com\/de\/wp-json\/wp\/v2\/media?parent=1242"}],"curies":[{"name":"wp","href":"https:\/\/api.w.org\/{rel}","templated":true}]}}