{"id":1338,"date":"2024-04-15T20:14:35","date_gmt":"2024-04-15T18:14:35","guid":{"rendered":"https:\/\/www.kialocosmetics.com\/erklaerung-zur-zugaenglichkeit\/"},"modified":"2025-09-17T17:58:29","modified_gmt":"2025-09-17T15:58:29","slug":"erklaerung-zur-zugaenglichkeit","status":"publish","type":"page","link":"https:\/\/www.kialocosmetics.com\/de\/erklaerung-zur-zugaenglichkeit\/","title":{"rendered":"Erkl\u00e4rung zur Zug\u00e4nglichkeit"},"content":{"rendered":"\n<p>www.kialocosmetics.com<\/p>\n\n\n\n<p><strong>Status der Einhaltung<\/strong><\/p>\n\n\n\n<p>Kialo cosmetics (im Folgenden auch Website) entspricht teilweise dem K\u00f6niglichen Dekret 1112\/2018 vom 7. September, da die unten aufgef\u00fchrten Aspekte nicht erf\u00fcllt sind.<\/p>\n\n\n\n<p><strong>Inhalt nicht zug\u00e4nglich<\/strong><\/p>\n\n\n\n<p>Der unten stehende Inhalt ist aus den folgenden Gr\u00fcnden nicht zug\u00e4nglich:<br>a. Nichteinhaltung des RD 1112\/2018:<br>Kriterium 5 &#8211; Allgemeine Anforderungen: Nicht anwendbar.<br>Kriterium 6 &#8211; F\u00e4higkeit zur bidirektionalen Sprachkommunikation:<br>Es kann sein, dass es nicht m\u00f6glich ist, die Identifizierung des Sprechers per RTT vorzunehmen [Anforderung 6.2.2.3 Sprecheridentifizierung, von UNE-EN 301549:2022].<br>Kriterium 7 &#8211; Videokapazit\u00e4t:<br>Kriterium 9 &#8211; Anforderungen f\u00fcr Webseiten:<br>Einige aufgezeichnete Videos enthalten m\u00f6glicherweise keine Untertitel (Anforderung 9.1.2.2.2 Untertitel (aufgezeichnet), der UNE-EN 301549:2022).<br>Es gibt Tonelemente, die automatisch abgespielt werden und es gibt keinen Mechanismus, um sie anzuhalten oder zu stoppen (Anforderung 9.1.4.2 Audiosteuerung der UNE-EN 301549:2022). Es gibt Clipart-Bilder, die nur auf Text basieren [Anforderung Nummer 9.1.4.5 Textbilder, der UNE-EN 301549:2022].<br>Kriterium 10 &#8211; Anforderungen, die f\u00fcr Nicht-Web-Dokumente gelten: Nicht anwendbar.<br>Kriterium 11 &#8211; Softwareanforderungen: Nicht anwendbar.<br>Kriterium 12 &#8211; Anforderungen an Dokumentations- und Unterst\u00fctzungsleistungen: Nicht zutreffend.<br>b. Unverh\u00e4ltnism\u00e4\u00dfige Belastung: Nicht zutreffend.<br>c. Der Inhalt f\u00e4llt nicht in den Geltungsbereich der geltenden Gesetzgebung:<br>Es kann vorkommen, dass PDF-Dateien und andere Dateien der B\u00fcroautomation, die vor dem 20. September 2018 ver\u00f6ffentlicht wurden, nicht alle Anforderungen an die Barrierefreiheit erf\u00fcllen. Es wurden jedoch Anstrengungen unternommen, um sicherzustellen, dass die meisten von ihnen die Vorschriften einhalten.<\/p>\n\n\n\n<p>Es kann Inhalte von Dritten geben, die nicht von dieser Einheit entwickelt wurden oder unter ihrer Kontrolle stehen, wie z.B. Bilder, interaktive Karten, Videos, Dokumente, Player usw.<\/p>\n\n\n\n<p>Es kann sein, dass vor dem 20. September 2018 aufgezeichnete Dateien ver\u00f6ffentlicht wurden, die nicht alle Anforderungen an die Barrierefreiheit vollst\u00e4ndig erf\u00fcllen.<\/p>\n\n\n\n<p>Teile oder die gesamte Website k\u00f6nnen mit einem CMS (WordPress, Shopify, PrestaShop usw.) erstellt worden sein, so dass aufgrund von Aktualisierungen oder \u00c4nderungen in den Systemen m\u00f6glicherweise nicht alle generierten oder selbst erstellten Inhalte allen Zug\u00e4nglichkeitsvorschriften entsprechen.<\/p>\n\n\n\n<p><strong>Vorbereitung dieser Erkl\u00e4rung zur Zug\u00e4nglichkeit<\/strong><\/p>\n\n\n\n<p>Diese Erkl\u00e4rung wurde am 08\/04\/2024 erstellt. Die Methode, die zur Erstellung der Erkl\u00e4rung verwendet wurde, war eine Selbsteinsch\u00e4tzung, die von der<br>Unternehmen. Letzte \u00dcberarbeitung der Erkl\u00e4rung: 08\/04\/2024<\/p>\n\n\n\n<p><strong>Bemerkungen und Kontaktangaben<\/strong><\/p>\n\n\n\n<p>Sie k\u00f6nnen Mitteilungen \u00fcber die Zug\u00e4nglichkeitsanforderungen (Artikel 10.2.a des K\u00f6niglichen Dekrets 1112\/2018 vom 7. September) machen, wie z.B.: Melden Sie eine m\u00f6gliche Nichteinhaltung dieser Website. \u00dcbermitteln Sie andere Schwierigkeiten beim Zugriff auf Inhalte.<br>Um sonstige Anfragen oder Verbesserungsvorschl\u00e4ge bez\u00fcglich der Zug\u00e4nglichkeit der Website zu machen. \u00dcber die folgenden Kan\u00e4le:<\/p>\n\n\n\n<p>E-Mail: hi@kialocosmetics.com<\/p>\n\n\n\n<p>Telefon: +34 690 31 27 01<\/p>\n\n\n\n<p>Gem\u00e4\u00df Artikel 10.2.b des RD 1112\/2018 k\u00f6nnen Sie auch einreichen:<\/p>\n\n\n\n<p>Eine Beschwerde bez\u00fcglich der Einhaltung der Anforderungen des RD 1112\/2018.<\/p>\n\n\n\n<p>Ein Antrag auf zug\u00e4ngliche Informationen in Bezug auf:<\/p>\n\n\n\n<p>Inhalte, die gem\u00e4\u00df Artikel 3, Absatz 4 vom Anwendungsbereich der RD 1112\/2018 ausgeschlossen sind. Inhalte, die von den Zug\u00e4nglichkeitsanforderungen ausgenommen sind, weil sie eine unverh\u00e4ltnism\u00e4\u00dfige Belastung darstellen.<\/p>\n\n\n\n<p>In dem Antrag auf Zugang zu Informationen m\u00fcssen die Fakten, die Gr\u00fcnde und der Antrag klar dargelegt werden, um nachzuweisen, dass der Antrag angemessen und rechtm\u00e4\u00dfig ist. Die Mitteilungen werden von der Gesch\u00e4ftsleitung des Unternehmens empfangen und bearbeitet, die f\u00fcr den Inhalt dieser Website verantwortlich ist.<\/p>\n\n\n\n<p><strong>Optionaler Inhalt<\/strong><\/p>\n\n\n\n<p>Die derzeit sichtbare Version dieser Website datiert vom 08.04.2024 und an diesem Datum wurde die aktuelle Zug\u00e4nglichkeitsstufe zu diesem Zeitpunkt \u00fcberarbeitet. Ab diesem Datum werden neue oder ge\u00e4nderte Webinhalte teilweise t\u00e4glich \u00fcberpr\u00fcft, sowohl die Vorlagen als auch die endg\u00fcltigen Seiten und Dokumente, die ver\u00f6ffentlicht werden, um die Einhaltung der Zug\u00e4nglichkeitsanforderungen der Norm UNE-EN 301549:2022 unter Ber\u00fccksichtigung der Ausnahmen des K\u00f6niglichen Dekrets 1112\/2018 vom 7. September sicherzustellen. Unter anderem werden die folgenden Ma\u00dfnahmen ergriffen, um die Zug\u00e4nglichkeit zu erleichtern: Verwendung von Alternativtext auf Bildern. Links liefern Details zur Funktion oder zum Ziel des Hyperlinks. Verwendung von W3C-Standards: XHTML 1.0, CSS 3.0, WAI AA.<\/p>\n\n\n\n<p><strong>Kompatibilit\u00e4t<\/strong><\/p>\n\n\n\n<p>Die Website: wurde in \u00dcbereinstimmung mit den aktuellen Standards und Vorschriften in Bezug auf die Barrierefreiheit gestaltet und entspricht den in den Web Content Accessibility Guidelines (WCAG 2.1) definierten Pr\u00fcfpunkten der Priorit\u00e4t 2 (AA) ist f\u00fcr die neuesten Versionen von Chrome, Edge, Firefox, Safari und Opera optimiert ist f\u00fcr die korrekte Anzeige in jeder Aufl\u00f6sung und auf jedem Desktop, Tablet oder mobilen Ger\u00e4t (responsive Design) wurde unter Verwendung von HTML5 als Auszeichnungssprache und CSS 3 Style Sheets f\u00fcr das Design gestaltet. Dar\u00fcber hinaus werden die Inhalte st\u00e4ndig \u00fcberpr\u00fcft und \u00fcberarbeitet, um die Interpretation zu erleichtern und die Navigation durch das Webportal zu verbessern.<\/p>\n\n\n\n<p>Dieses Dokument zur Zug\u00e4nglichkeitserkl\u00e4rung wurde mit dem kostenlosen Online-Generator f\u00fcr Zug\u00e4nglichkeitserkl\u00e4rungen am 08\/04\/2024 erstellt.<\/p>\n","protected":false},"excerpt":{"rendered":"<p>www.kialocosmetics.com Status der Einhaltung Kialo cosmetics (im Folgenden auch Website) entspricht teilweise dem K\u00f6niglichen Dekret 1112\/2018 vom 7. September, da die unten aufgef\u00fchrten Aspekte nicht erf\u00fcllt sind. Inhalt nicht zug\u00e4nglich Der unten stehende Inhalt ist aus den folgenden Gr\u00fcnden nicht zug\u00e4nglich:a. Nichteinhaltung des RD 1112\/2018:Kriterium 5 &#8211; Allgemeine Anforderungen: Nicht anwendbar.Kriterium 6 &#8211; F\u00e4higkeit zur [&hellip;]<\/p>\n","protected":false},"author":1,"featured_media":0,"parent":0,"menu_order":0,"comment_status":"closed","ping_status":"closed","template":"","meta":{"_acf_changed":false,"footnotes":""},"class_list":["post-1338","page","type-page","status-publish","hentry"],"acf":[],"yoast_head":"<!-- This site is optimized with the Yoast SEO plugin v27.5 - https:\/\/yoast.com\/product\/yoast-seo-wordpress\/ -->\n<title>Erkl\u00e4rung zur Zug\u00e4nglichkeit - Kialo<\/title>\n<meta name=\"robots\" content=\"index, follow, max-snippet:-1, max-image-preview:large, max-video-preview:-1\" \/>\n<link rel=\"canonical\" href=\"https:\/\/www.kialocosmetics.com\/de\/erklaerung-zur-zugaenglichkeit\/\" \/>\n<meta property=\"og:locale\" content=\"de_DE\" \/>\n<meta property=\"og:type\" content=\"article\" \/>\n<meta property=\"og:title\" content=\"Erkl\u00e4rung zur Zug\u00e4nglichkeit - Kialo\" \/>\n<meta property=\"og:description\" content=\"www.kialocosmetics.com Status der Einhaltung Kialo cosmetics (im Folgenden auch Website) entspricht teilweise dem K\u00f6niglichen Dekret 1112\/2018 vom 7. September, da die unten aufgef\u00fchrten Aspekte nicht erf\u00fcllt sind. Inhalt nicht zug\u00e4nglich Der unten stehende Inhalt ist aus den folgenden Gr\u00fcnden nicht zug\u00e4nglich:a. Nichteinhaltung des RD 1112\/2018:Kriterium 5 &#8211; Allgemeine Anforderungen: Nicht anwendbar.Kriterium 6 &#8211; F\u00e4higkeit zur [&hellip;]\" \/>\n<meta property=\"og:url\" content=\"https:\/\/www.kialocosmetics.com\/de\/erklaerung-zur-zugaenglichkeit\/\" \/>\n<meta property=\"og:site_name\" content=\"Kialo\" \/>\n<meta property=\"article:publisher\" content=\"https:\/\/www.facebook.com\/profile.php?id=61558155237230&amp;locale=es_LA\" \/>\n<meta property=\"article:modified_time\" content=\"2025-09-17T15:58:29+00:00\" \/>\n<meta property=\"og:image\" content=\"https:\/\/www.kialocosmetics.com\/wp-content\/uploads\/2024\/04\/Sombras_naturaleza_piel.jpg\" \/>\n\t<meta property=\"og:image:width\" content=\"299\" \/>\n\t<meta property=\"og:image:height\" content=\"289\" \/>\n\t<meta property=\"og:image:type\" content=\"image\/jpeg\" \/>\n<meta name=\"twitter:card\" content=\"summary_large_image\" \/>\n<meta name=\"twitter:label1\" content=\"Gesch\u00e4tzte Lesezeit\" \/>\n\t<meta name=\"twitter:data1\" content=\"4\u00a0Minuten\" \/>\n<script type=\"application\/ld+json\" class=\"yoast-schema-graph\">{\"@context\":\"https:\\\/\\\/schema.org\",\"@graph\":[{\"@type\":\"WebPage\",\"@id\":\"https:\\\/\\\/www.kialocosmetics.com\\\/de\\\/erklaerung-zur-zugaenglichkeit\\\/\",\"url\":\"https:\\\/\\\/www.kialocosmetics.com\\\/de\\\/erklaerung-zur-zugaenglichkeit\\\/\",\"name\":\"Erkl\u00e4rung zur Zug\u00e4nglichkeit - Kialo\",\"isPartOf\":{\"@id\":\"https:\\\/\\\/www.kialocosmetics.com\\\/#website\"},\"datePublished\":\"2024-04-15T18:14:35+00:00\",\"dateModified\":\"2025-09-17T15:58:29+00:00\",\"breadcrumb\":{\"@id\":\"https:\\\/\\\/www.kialocosmetics.com\\\/de\\\/erklaerung-zur-zugaenglichkeit\\\/#breadcrumb\"},\"inLanguage\":\"de\",\"potentialAction\":[{\"@type\":\"ReadAction\",\"target\":[\"https:\\\/\\\/www.kialocosmetics.com\\\/de\\\/erklaerung-zur-zugaenglichkeit\\\/\"]}]},{\"@type\":\"BreadcrumbList\",\"@id\":\"https:\\\/\\\/www.kialocosmetics.com\\\/de\\\/erklaerung-zur-zugaenglichkeit\\\/#breadcrumb\",\"itemListElement\":[{\"@type\":\"ListItem\",\"position\":1,\"name\":\"Portada\",\"item\":\"https:\\\/\\\/www.kialocosmetics.com\\\/de\\\/\"},{\"@type\":\"ListItem\",\"position\":2,\"name\":\"Erkl\u00e4rung zur Zug\u00e4nglichkeit\"}]},{\"@type\":\"WebSite\",\"@id\":\"https:\\\/\\\/www.kialocosmetics.com\\\/#website\",\"url\":\"https:\\\/\\\/www.kialocosmetics.com\\\/\",\"name\":\"Kialo cosmetics\",\"description\":\"Cosm\u00e9tica honesta, naturalmente\",\"publisher\":{\"@id\":\"https:\\\/\\\/www.kialocosmetics.com\\\/#organization\"},\"alternateName\":\"Kialo\",\"potentialAction\":[{\"@type\":\"SearchAction\",\"target\":{\"@type\":\"EntryPoint\",\"urlTemplate\":\"https:\\\/\\\/www.kialocosmetics.com\\\/?s={search_term_string}\"},\"query-input\":{\"@type\":\"PropertyValueSpecification\",\"valueRequired\":true,\"valueName\":\"search_term_string\"}}],\"inLanguage\":\"de\"},{\"@type\":\"Organization\",\"@id\":\"https:\\\/\\\/www.kialocosmetics.com\\\/#organization\",\"name\":\"Kialo\",\"url\":\"https:\\\/\\\/www.kialocosmetics.com\\\/\",\"logo\":{\"@type\":\"ImageObject\",\"inLanguage\":\"de\",\"@id\":\"https:\\\/\\\/www.kialocosmetics.com\\\/#\\\/schema\\\/logo\\\/image\\\/\",\"url\":\"https:\\\/\\\/www.kialocosmetics.com\\\/wp-content\\\/uploads\\\/2024\\\/05\\\/kialo-logotipo-verde-rgb-1200px-w-72ppi.png\",\"contentUrl\":\"https:\\\/\\\/www.kialocosmetics.com\\\/wp-content\\\/uploads\\\/2024\\\/05\\\/kialo-logotipo-verde-rgb-1200px-w-72ppi.png\",\"width\":1200,\"height\":396,\"caption\":\"Kialo\"},\"image\":{\"@id\":\"https:\\\/\\\/www.kialocosmetics.com\\\/#\\\/schema\\\/logo\\\/image\\\/\"},\"sameAs\":[\"https:\\\/\\\/www.facebook.com\\\/profile.php?id=61558155237230&locale=es_LA\",\"https:\\\/\\\/www.instagram.com\\\/kialocosmetics\\\/\",\"https:\\\/\\\/www.pinterest.es\\\/kialocosmetics\\\/\",\"https:\\\/\\\/www.tiktok.com\\\/@kialocosmetics\"]}]}<\/script>\n<!-- \/ Yoast SEO plugin. -->","yoast_head_json":{"title":"Erkl\u00e4rung zur Zug\u00e4nglichkeit - Kialo","robots":{"index":"index","follow":"follow","max-snippet":"max-snippet:-1","max-image-preview":"max-image-preview:large","max-video-preview":"max-video-preview:-1"},"canonical":"https:\/\/www.kialocosmetics.com\/de\/erklaerung-zur-zugaenglichkeit\/","og_locale":"de_DE","og_type":"article","og_title":"Erkl\u00e4rung zur Zug\u00e4nglichkeit - Kialo","og_description":"www.kialocosmetics.com Status der Einhaltung Kialo cosmetics (im Folgenden auch Website) entspricht teilweise dem K\u00f6niglichen Dekret 1112\/2018 vom 7. September, da die unten aufgef\u00fchrten Aspekte nicht erf\u00fcllt sind. Inhalt nicht zug\u00e4nglich Der unten stehende Inhalt ist aus den folgenden Gr\u00fcnden nicht zug\u00e4nglich:a. Nichteinhaltung des RD 1112\/2018:Kriterium 5 &#8211; Allgemeine Anforderungen: Nicht anwendbar.Kriterium 6 &#8211; F\u00e4higkeit zur [&hellip;]","og_url":"https:\/\/www.kialocosmetics.com\/de\/erklaerung-zur-zugaenglichkeit\/","og_site_name":"Kialo","article_publisher":"https:\/\/www.facebook.com\/profile.php?id=61558155237230&locale=es_LA","article_modified_time":"2025-09-17T15:58:29+00:00","og_image":[{"width":299,"height":289,"url":"https:\/\/www.kialocosmetics.com\/wp-content\/uploads\/2024\/04\/Sombras_naturaleza_piel.jpg","type":"image\/jpeg"}],"twitter_card":"summary_large_image","twitter_misc":{"Gesch\u00e4tzte Lesezeit":"4\u00a0Minuten"},"schema":{"@context":"https:\/\/schema.org","@graph":[{"@type":"WebPage","@id":"https:\/\/www.kialocosmetics.com\/de\/erklaerung-zur-zugaenglichkeit\/","url":"https:\/\/www.kialocosmetics.com\/de\/erklaerung-zur-zugaenglichkeit\/","name":"Erkl\u00e4rung zur Zug\u00e4nglichkeit - Kialo","isPartOf":{"@id":"https:\/\/www.kialocosmetics.com\/#website"},"datePublished":"2024-04-15T18:14:35+00:00","dateModified":"2025-09-17T15:58:29+00:00","breadcrumb":{"@id":"https:\/\/www.kialocosmetics.com\/de\/erklaerung-zur-zugaenglichkeit\/#breadcrumb"},"inLanguage":"de","potentialAction":[{"@type":"ReadAction","target":["https:\/\/www.kialocosmetics.com\/de\/erklaerung-zur-zugaenglichkeit\/"]}]},{"@type":"BreadcrumbList","@id":"https:\/\/www.kialocosmetics.com\/de\/erklaerung-zur-zugaenglichkeit\/#breadcrumb","itemListElement":[{"@type":"ListItem","position":1,"name":"Portada","item":"https:\/\/www.kialocosmetics.com\/de\/"},{"@type":"ListItem","position":2,"name":"Erkl\u00e4rung zur Zug\u00e4nglichkeit"}]},{"@type":"WebSite","@id":"https:\/\/www.kialocosmetics.com\/#website","url":"https:\/\/www.kialocosmetics.com\/","name":"Kialo cosmetics","description":"Cosm\u00e9tica honesta, naturalmente","publisher":{"@id":"https:\/\/www.kialocosmetics.com\/#organization"},"alternateName":"Kialo","potentialAction":[{"@type":"SearchAction","target":{"@type":"EntryPoint","urlTemplate":"https:\/\/www.kialocosmetics.com\/?s={search_term_string}"},"query-input":{"@type":"PropertyValueSpecification","valueRequired":true,"valueName":"search_term_string"}}],"inLanguage":"de"},{"@type":"Organization","@id":"https:\/\/www.kialocosmetics.com\/#organization","name":"Kialo","url":"https:\/\/www.kialocosmetics.com\/","logo":{"@type":"ImageObject","inLanguage":"de","@id":"https:\/\/www.kialocosmetics.com\/#\/schema\/logo\/image\/","url":"https:\/\/www.kialocosmetics.com\/wp-content\/uploads\/2024\/05\/kialo-logotipo-verde-rgb-1200px-w-72ppi.png","contentUrl":"https:\/\/www.kialocosmetics.com\/wp-content\/uploads\/2024\/05\/kialo-logotipo-verde-rgb-1200px-w-72ppi.png","width":1200,"height":396,"caption":"Kialo"},"image":{"@id":"https:\/\/www.kialocosmetics.com\/#\/schema\/logo\/image\/"},"sameAs":["https:\/\/www.facebook.com\/profile.php?id=61558155237230&locale=es_LA","https:\/\/www.instagram.com\/kialocosmetics\/","https:\/\/www.pinterest.es\/kialocosmetics\/","https:\/\/www.tiktok.com\/@kialocosmetics"]}]}},"_links":{"self":[{"href":"https:\/\/www.kialocosmetics.com\/de\/wp-json\/wp\/v2\/pages\/1338","targetHints":{"allow":["GET"]}}],"collection":[{"href":"https:\/\/www.kialocosmetics.com\/de\/wp-json\/wp\/v2\/pages"}],"about":[{"href":"https:\/\/www.kialocosmetics.com\/de\/wp-json\/wp\/v2\/types\/page"}],"author":[{"embeddable":true,"href":"https:\/\/www.kialocosmetics.com\/de\/wp-json\/wp\/v2\/users\/1"}],"replies":[{"embeddable":true,"href":"https:\/\/www.kialocosmetics.com\/de\/wp-json\/wp\/v2\/comments?post=1338"}],"version-history":[{"count":2,"href":"https:\/\/www.kialocosmetics.com\/de\/wp-json\/wp\/v2\/pages\/1338\/revisions"}],"predecessor-version":[{"id":2135,"href":"https:\/\/www.kialocosmetics.com\/de\/wp-json\/wp\/v2\/pages\/1338\/revisions\/2135"}],"wp:attachment":[{"href":"https:\/\/www.kialocosmetics.com\/de\/wp-json\/wp\/v2\/media?parent=1338"}],"curies":[{"name":"wp","href":"https:\/\/api.w.org\/{rel}","templated":true}]}}