{"id":1571,"date":"2024-05-06T15:54:48","date_gmt":"2024-05-06T13:54:48","guid":{"rendered":"https:\/\/www.kialocosmetics.com\/?page_id=1571"},"modified":"2025-09-17T18:09:28","modified_gmt":"2025-09-17T16:09:28","slug":"impressum","status":"publish","type":"page","link":"https:\/\/www.kialocosmetics.com\/de\/impressum\/","title":{"rendered":"Impressum"},"content":{"rendered":"\n<p><strong>Impressum<\/strong><\/p>\n\n\n\n<p><strong>Gesetzliche Anbieterkennung:<\/strong><\/p>\n\n\n\n<p><strong>Kialocosmetics.com<\/strong><br><strong>diese vertr. d. d. Gesch\u00e4ftsf\u00fchrer Isabel Ortiz<\/strong><br><strong>Pasaje Petunia, 27 \u00b7 41089 Dos Hermanas (Sevilla)<br>Telefon: +34 690 31 27 01<\/strong><br><strong>E-Mail: hi@kialocosmetics.com<\/strong><\/p>\n\n\n\n<p><br><strong>USt-IdNr.: 46774351X<\/strong><br><\/p>\n\n\n\n<p><strong>Alternative Streitbeilegung:<\/strong><br>Die Europ\u00e4ische Kommission stellt eine Plattform f\u00fcr die au\u00dfergerichtliche Online-Streitbeilegung (OS-Plattform) bereit, aufrufbar unter&nbsp;<a href=\"https:\/\/ec.europa.eu\/odr\">https:\/\/ec.europa.eu\/odr<\/a>.<\/p>\n","protected":false},"excerpt":{"rendered":"<p>Impressum Gesetzliche Anbieterkennung: Kialocosmetics.comdiese vertr. d. d. Gesch\u00e4ftsf\u00fchrer Isabel OrtizPasaje Petunia, 27 \u00b7 41089 Dos Hermanas (Sevilla)Telefon: +34 690 31 27 01E-Mail: hi@kialocosmetics.com USt-IdNr.: 46774351X Alternative Streitbeilegung:Die Europ\u00e4ische Kommission stellt eine Plattform f\u00fcr die au\u00dfergerichtliche Online-Streitbeilegung (OS-Plattform) bereit, aufrufbar unter&nbsp;https:\/\/ec.europa.eu\/odr.<\/p>\n","protected":false},"author":1,"featured_media":0,"parent":0,"menu_order":0,"comment_status":"closed","ping_status":"closed","template":"","meta":{"_acf_changed":false,"footnotes":""},"class_list":["post-1571","page","type-page","status-publish","hentry"],"acf":[],"yoast_head":"<!-- This site is optimized with the Yoast SEO plugin v27.5 - https:\/\/yoast.com\/product\/yoast-seo-wordpress\/ -->\n<title>Impressum - Kialo<\/title>\n<meta name=\"robots\" content=\"index, follow, max-snippet:-1, max-image-preview:large, max-video-preview:-1\" \/>\n<link rel=\"canonical\" href=\"https:\/\/www.kialocosmetics.com\/de\/impressum\/\" \/>\n<meta property=\"og:locale\" content=\"de_DE\" \/>\n<meta property=\"og:type\" content=\"article\" \/>\n<meta property=\"og:title\" content=\"Impressum - Kialo\" \/>\n<meta property=\"og:description\" content=\"Impressum Gesetzliche Anbieterkennung: Kialocosmetics.comdiese vertr. d. d. Gesch\u00e4ftsf\u00fchrer Isabel OrtizPasaje Petunia, 27 \u00b7 41089 Dos Hermanas (Sevilla)Telefon: +34 690 31 27 01E-Mail: hi@kialocosmetics.com USt-IdNr.: 46774351X Alternative Streitbeilegung:Die Europ\u00e4ische Kommission stellt eine Plattform f\u00fcr die au\u00dfergerichtliche Online-Streitbeilegung (OS-Plattform) bereit, aufrufbar unter&nbsp;https:\/\/ec.europa.eu\/odr.\" \/>\n<meta property=\"og:url\" content=\"https:\/\/www.kialocosmetics.com\/de\/impressum\/\" \/>\n<meta property=\"og:site_name\" content=\"Kialo\" \/>\n<meta property=\"article:publisher\" content=\"https:\/\/www.facebook.com\/profile.php?id=61558155237230&amp;locale=es_LA\" \/>\n<meta property=\"article:modified_time\" content=\"2025-09-17T16:09:28+00:00\" \/>\n<meta property=\"og:image\" content=\"https:\/\/www.kialocosmetics.com\/wp-content\/uploads\/2024\/04\/Sombras_naturaleza_piel.jpg\" \/>\n\t<meta property=\"og:image:width\" content=\"299\" \/>\n\t<meta property=\"og:image:height\" content=\"289\" \/>\n\t<meta property=\"og:image:type\" content=\"image\/jpeg\" \/>\n<meta name=\"twitter:card\" content=\"summary_large_image\" \/>\n<meta name=\"twitter:label1\" content=\"Gesch\u00e4tzte Lesezeit\" \/>\n\t<meta name=\"twitter:data1\" content=\"1\u00a0Minute\" \/>\n<script type=\"application\/ld+json\" class=\"yoast-schema-graph\">{\"@context\":\"https:\\\/\\\/schema.org\",\"@graph\":[{\"@type\":\"WebPage\",\"@id\":\"https:\\\/\\\/www.kialocosmetics.com\\\/de\\\/impressum\\\/\",\"url\":\"https:\\\/\\\/www.kialocosmetics.com\\\/de\\\/impressum\\\/\",\"name\":\"Impressum - Kialo\",\"isPartOf\":{\"@id\":\"https:\\\/\\\/www.kialocosmetics.com\\\/#website\"},\"datePublished\":\"2024-05-06T13:54:48+00:00\",\"dateModified\":\"2025-09-17T16:09:28+00:00\",\"breadcrumb\":{\"@id\":\"https:\\\/\\\/www.kialocosmetics.com\\\/de\\\/impressum\\\/#breadcrumb\"},\"inLanguage\":\"de\",\"potentialAction\":[{\"@type\":\"ReadAction\",\"target\":[\"https:\\\/\\\/www.kialocosmetics.com\\\/de\\\/impressum\\\/\"]}]},{\"@type\":\"BreadcrumbList\",\"@id\":\"https:\\\/\\\/www.kialocosmetics.com\\\/de\\\/impressum\\\/#breadcrumb\",\"itemListElement\":[{\"@type\":\"ListItem\",\"position\":1,\"name\":\"Portada\",\"item\":\"https:\\\/\\\/www.kialocosmetics.com\\\/de\\\/\"},{\"@type\":\"ListItem\",\"position\":2,\"name\":\"Impressum\"}]},{\"@type\":\"WebSite\",\"@id\":\"https:\\\/\\\/www.kialocosmetics.com\\\/#website\",\"url\":\"https:\\\/\\\/www.kialocosmetics.com\\\/\",\"name\":\"Kialo cosmetics\",\"description\":\"Cosm\u00e9tica honesta, naturalmente\",\"publisher\":{\"@id\":\"https:\\\/\\\/www.kialocosmetics.com\\\/#organization\"},\"alternateName\":\"Kialo\",\"potentialAction\":[{\"@type\":\"SearchAction\",\"target\":{\"@type\":\"EntryPoint\",\"urlTemplate\":\"https:\\\/\\\/www.kialocosmetics.com\\\/?s={search_term_string}\"},\"query-input\":{\"@type\":\"PropertyValueSpecification\",\"valueRequired\":true,\"valueName\":\"search_term_string\"}}],\"inLanguage\":\"de\"},{\"@type\":\"Organization\",\"@id\":\"https:\\\/\\\/www.kialocosmetics.com\\\/#organization\",\"name\":\"Kialo\",\"url\":\"https:\\\/\\\/www.kialocosmetics.com\\\/\",\"logo\":{\"@type\":\"ImageObject\",\"inLanguage\":\"de\",\"@id\":\"https:\\\/\\\/www.kialocosmetics.com\\\/#\\\/schema\\\/logo\\\/image\\\/\",\"url\":\"https:\\\/\\\/www.kialocosmetics.com\\\/wp-content\\\/uploads\\\/2024\\\/05\\\/kialo-logotipo-verde-rgb-1200px-w-72ppi.png\",\"contentUrl\":\"https:\\\/\\\/www.kialocosmetics.com\\\/wp-content\\\/uploads\\\/2024\\\/05\\\/kialo-logotipo-verde-rgb-1200px-w-72ppi.png\",\"width\":1200,\"height\":396,\"caption\":\"Kialo\"},\"image\":{\"@id\":\"https:\\\/\\\/www.kialocosmetics.com\\\/#\\\/schema\\\/logo\\\/image\\\/\"},\"sameAs\":[\"https:\\\/\\\/www.facebook.com\\\/profile.php?id=61558155237230&locale=es_LA\",\"https:\\\/\\\/www.instagram.com\\\/kialocosmetics\\\/\",\"https:\\\/\\\/www.pinterest.es\\\/kialocosmetics\\\/\",\"https:\\\/\\\/www.tiktok.com\\\/@kialocosmetics\"]}]}<\/script>\n<!-- \/ Yoast SEO plugin. -->","yoast_head_json":{"title":"Impressum - Kialo","robots":{"index":"index","follow":"follow","max-snippet":"max-snippet:-1","max-image-preview":"max-image-preview:large","max-video-preview":"max-video-preview:-1"},"canonical":"https:\/\/www.kialocosmetics.com\/de\/impressum\/","og_locale":"de_DE","og_type":"article","og_title":"Impressum - Kialo","og_description":"Impressum Gesetzliche Anbieterkennung: Kialocosmetics.comdiese vertr. d. d. Gesch\u00e4ftsf\u00fchrer Isabel OrtizPasaje Petunia, 27 \u00b7 41089 Dos Hermanas (Sevilla)Telefon: +34 690 31 27 01E-Mail: hi@kialocosmetics.com USt-IdNr.: 46774351X Alternative Streitbeilegung:Die Europ\u00e4ische Kommission stellt eine Plattform f\u00fcr die au\u00dfergerichtliche Online-Streitbeilegung (OS-Plattform) bereit, aufrufbar unter&nbsp;https:\/\/ec.europa.eu\/odr.","og_url":"https:\/\/www.kialocosmetics.com\/de\/impressum\/","og_site_name":"Kialo","article_publisher":"https:\/\/www.facebook.com\/profile.php?id=61558155237230&locale=es_LA","article_modified_time":"2025-09-17T16:09:28+00:00","og_image":[{"width":299,"height":289,"url":"https:\/\/www.kialocosmetics.com\/wp-content\/uploads\/2024\/04\/Sombras_naturaleza_piel.jpg","type":"image\/jpeg"}],"twitter_card":"summary_large_image","twitter_misc":{"Gesch\u00e4tzte Lesezeit":"1\u00a0Minute"},"schema":{"@context":"https:\/\/schema.org","@graph":[{"@type":"WebPage","@id":"https:\/\/www.kialocosmetics.com\/de\/impressum\/","url":"https:\/\/www.kialocosmetics.com\/de\/impressum\/","name":"Impressum - Kialo","isPartOf":{"@id":"https:\/\/www.kialocosmetics.com\/#website"},"datePublished":"2024-05-06T13:54:48+00:00","dateModified":"2025-09-17T16:09:28+00:00","breadcrumb":{"@id":"https:\/\/www.kialocosmetics.com\/de\/impressum\/#breadcrumb"},"inLanguage":"de","potentialAction":[{"@type":"ReadAction","target":["https:\/\/www.kialocosmetics.com\/de\/impressum\/"]}]},{"@type":"BreadcrumbList","@id":"https:\/\/www.kialocosmetics.com\/de\/impressum\/#breadcrumb","itemListElement":[{"@type":"ListItem","position":1,"name":"Portada","item":"https:\/\/www.kialocosmetics.com\/de\/"},{"@type":"ListItem","position":2,"name":"Impressum"}]},{"@type":"WebSite","@id":"https:\/\/www.kialocosmetics.com\/#website","url":"https:\/\/www.kialocosmetics.com\/","name":"Kialo cosmetics","description":"Cosm\u00e9tica honesta, naturalmente","publisher":{"@id":"https:\/\/www.kialocosmetics.com\/#organization"},"alternateName":"Kialo","potentialAction":[{"@type":"SearchAction","target":{"@type":"EntryPoint","urlTemplate":"https:\/\/www.kialocosmetics.com\/?s={search_term_string}"},"query-input":{"@type":"PropertyValueSpecification","valueRequired":true,"valueName":"search_term_string"}}],"inLanguage":"de"},{"@type":"Organization","@id":"https:\/\/www.kialocosmetics.com\/#organization","name":"Kialo","url":"https:\/\/www.kialocosmetics.com\/","logo":{"@type":"ImageObject","inLanguage":"de","@id":"https:\/\/www.kialocosmetics.com\/#\/schema\/logo\/image\/","url":"https:\/\/www.kialocosmetics.com\/wp-content\/uploads\/2024\/05\/kialo-logotipo-verde-rgb-1200px-w-72ppi.png","contentUrl":"https:\/\/www.kialocosmetics.com\/wp-content\/uploads\/2024\/05\/kialo-logotipo-verde-rgb-1200px-w-72ppi.png","width":1200,"height":396,"caption":"Kialo"},"image":{"@id":"https:\/\/www.kialocosmetics.com\/#\/schema\/logo\/image\/"},"sameAs":["https:\/\/www.facebook.com\/profile.php?id=61558155237230&locale=es_LA","https:\/\/www.instagram.com\/kialocosmetics\/","https:\/\/www.pinterest.es\/kialocosmetics\/","https:\/\/www.tiktok.com\/@kialocosmetics"]}]}},"_links":{"self":[{"href":"https:\/\/www.kialocosmetics.com\/de\/wp-json\/wp\/v2\/pages\/1571","targetHints":{"allow":["GET"]}}],"collection":[{"href":"https:\/\/www.kialocosmetics.com\/de\/wp-json\/wp\/v2\/pages"}],"about":[{"href":"https:\/\/www.kialocosmetics.com\/de\/wp-json\/wp\/v2\/types\/page"}],"author":[{"embeddable":true,"href":"https:\/\/www.kialocosmetics.com\/de\/wp-json\/wp\/v2\/users\/1"}],"replies":[{"embeddable":true,"href":"https:\/\/www.kialocosmetics.com\/de\/wp-json\/wp\/v2\/comments?post=1571"}],"version-history":[{"count":2,"href":"https:\/\/www.kialocosmetics.com\/de\/wp-json\/wp\/v2\/pages\/1571\/revisions"}],"predecessor-version":[{"id":2147,"href":"https:\/\/www.kialocosmetics.com\/de\/wp-json\/wp\/v2\/pages\/1571\/revisions\/2147"}],"wp:attachment":[{"href":"https:\/\/www.kialocosmetics.com\/de\/wp-json\/wp\/v2\/media?parent=1571"}],"curies":[{"name":"wp","href":"https:\/\/api.w.org\/{rel}","templated":true}]}}