{"id":1307,"date":"2024-04-15T11:29:16","date_gmt":"2024-04-15T09:29:16","guid":{"rendered":"https:\/\/www.kialocosmetics.com\/producto\/hera-festes-shampoo\/"},"modified":"2026-02-01T09:44:47","modified_gmt":"2026-02-01T08:44:47","slug":"hera-festes-shampoo","status":"publish","type":"product","link":"https:\/\/www.kialocosmetics.com\/de\/producto\/hera-festes-shampoo\/","title":{"rendered":"Festes Shampoo Hera"},"content":{"rendered":"<p class=\"p2\"><strong>M\u00f6chtest du weiterhin gesundes und sch\u00f6nes Haar haben?<\/strong><\/p>\n<p class=\"p3\">HERA, die G\u00f6ttin der Familie, ist mit voller Absicht formuliert, damit deine Frisur leicht zu handhaben ist und das Risiko von Haarbruch reduziert wird.<\/p>\n<p class=\"p3\">HERA enth\u00e4lt Lavendelhydrolat aufgrund seiner beruhigenden und regenerierenden Eigenschaften. Daru\u0308ber hinaus wird dein Haar dank des Haferextrakts, der aufgrund seiner reinigenden, feuchtigkeitsspendenden und hydratisierenden Eigenschaften als reines <b>Juwel gilt,<\/b> hydratisiert.<\/p>\n<p class=\"p3\">Ich empfehle, es mit seinem C<a href=\"https:\/\/www.kialocosmetics.com\/producto\/acondicionador-solido-hera\/\" target=\"_blank\" rel=\"noopener\">onditioner HERA<\/a> zu verwenden.<\/p>\n","protected":false},"excerpt":{"rendered":"<p>M\u00f6chtest du weiterhin gesundes und sch\u00f6nes Haar haben? HERA, die G\u00f6ttin der Familie, ist mit voller Absicht formuliert, damit deine Frisur leicht zu handhaben ist und das Risiko von Haarbruch reduziert wird. HERA enth\u00e4lt Lavendelhydrolat aufgrund seiner beruhigenden und regenerierenden Eigenschaften. Daru\u0308ber hinaus wird dein Haar dank des Haferextrakts, der aufgrund seiner reinigenden, feuchtigkeitsspendenden und [&hellip;]<\/p>\n","protected":false},"featured_media":1287,"template":"","meta":{"_acf_changed":false},"product_brand":[],"product_cat":[51],"product_tag":[],"class_list":{"0":"post-1307","1":"product","2":"type-product","3":"status-publish","4":"has-post-thumbnail","6":"product_cat-normales-haar","8":"first","9":"instock","10":"taxable","11":"shipping-taxable","12":"purchasable","13":"product-type-simple"},"acf":[],"yoast_head":"<!-- This site is optimized with the Yoast SEO plugin v27.5 - https:\/\/yoast.com\/product\/yoast-seo-wordpress\/ -->\n<title>Festes Shampoo Hera - Kialo<\/title>\n<meta name=\"robots\" content=\"index, follow, max-snippet:-1, max-image-preview:large, max-video-preview:-1\" \/>\n<link rel=\"canonical\" href=\"https:\/\/www.kialocosmetics.com\/producto\/champu-solido-hera\/\" \/>\n<meta property=\"og:locale\" content=\"de_DE\" \/>\n<meta property=\"og:type\" content=\"article\" \/>\n<meta property=\"og:title\" content=\"Festes Shampoo Hera - Kialo\" \/>\n<meta property=\"og:description\" content=\"M\u00f6chtest du weiterhin gesundes und sch\u00f6nes Haar haben? HERA, die G\u00f6ttin der Familie, ist mit voller Absicht formuliert, damit deine Frisur leicht zu handhaben ist und das Risiko von Haarbruch reduziert wird. HERA enth\u00e4lt Lavendelhydrolat aufgrund seiner beruhigenden und regenerierenden Eigenschaften. Daru\u0308ber hinaus wird dein Haar dank des Haferextrakts, der aufgrund seiner reinigenden, feuchtigkeitsspendenden und [&hellip;]\" \/>\n<meta property=\"og:url\" content=\"https:\/\/www.kialocosmetics.com\/producto\/champu-solido-hera\/\" \/>\n<meta property=\"og:site_name\" content=\"Kialo\" \/>\n<meta property=\"article:publisher\" content=\"https:\/\/www.facebook.com\/profile.php?id=61558155237230&amp;locale=es_LA\" \/>\n<meta property=\"article:modified_time\" content=\"2026-02-01T08:44:47+00:00\" \/>\n<meta property=\"og:image\" content=\"https:\/\/www.kialocosmetics.com\/wp-content\/uploads\/2024\/04\/HERA-Cab-normal-1.jpg\" \/>\n\t<meta property=\"og:image:width\" content=\"2048\" \/>\n\t<meta property=\"og:image:height\" content=\"1365\" \/>\n\t<meta property=\"og:image:type\" content=\"image\/jpeg\" \/>\n<meta name=\"twitter:card\" content=\"summary_large_image\" \/>\n<script type=\"application\/ld+json\" class=\"yoast-schema-graph\">{\"@context\":\"https:\\\/\\\/schema.org\",\"@graph\":[{\"@type\":\"WebPage\",\"@id\":\"https:\\\/\\\/www.kialocosmetics.com\\\/producto\\\/champu-solido-hera\\\/\",\"url\":\"https:\\\/\\\/www.kialocosmetics.com\\\/producto\\\/champu-solido-hera\\\/\",\"name\":\"Festes Shampoo Hera - Kialo\",\"isPartOf\":{\"@id\":\"https:\\\/\\\/www.kialocosmetics.com\\\/#website\"},\"primaryImageOfPage\":{\"@id\":\"https:\\\/\\\/www.kialocosmetics.com\\\/producto\\\/champu-solido-hera\\\/#primaryimage\"},\"image\":{\"@id\":\"https:\\\/\\\/www.kialocosmetics.com\\\/producto\\\/champu-solido-hera\\\/#primaryimage\"},\"thumbnailUrl\":\"https:\\\/\\\/www.kialocosmetics.com\\\/wp-content\\\/uploads\\\/2024\\\/04\\\/HERA-Cab-normal-1.jpg\",\"datePublished\":\"2024-04-15T09:29:16+00:00\",\"dateModified\":\"2026-02-01T08:44:47+00:00\",\"breadcrumb\":{\"@id\":\"https:\\\/\\\/www.kialocosmetics.com\\\/producto\\\/champu-solido-hera\\\/#breadcrumb\"},\"inLanguage\":\"de\",\"potentialAction\":[{\"@type\":\"ReadAction\",\"target\":[\"https:\\\/\\\/www.kialocosmetics.com\\\/producto\\\/champu-solido-hera\\\/\"]}]},{\"@type\":\"ImageObject\",\"inLanguage\":\"de\",\"@id\":\"https:\\\/\\\/www.kialocosmetics.com\\\/producto\\\/champu-solido-hera\\\/#primaryimage\",\"url\":\"https:\\\/\\\/www.kialocosmetics.com\\\/wp-content\\\/uploads\\\/2024\\\/04\\\/HERA-Cab-normal-1.jpg\",\"contentUrl\":\"https:\\\/\\\/www.kialocosmetics.com\\\/wp-content\\\/uploads\\\/2024\\\/04\\\/HERA-Cab-normal-1.jpg\",\"width\":2048,\"height\":1365},{\"@type\":\"BreadcrumbList\",\"@id\":\"https:\\\/\\\/www.kialocosmetics.com\\\/producto\\\/champu-solido-hera\\\/#breadcrumb\",\"itemListElement\":[{\"@type\":\"ListItem\",\"position\":1,\"name\":\"Portada\",\"item\":\"https:\\\/\\\/www.kialocosmetics.com\\\/de\\\/\"},{\"@type\":\"ListItem\",\"position\":2,\"name\":\"Shop\",\"item\":\"https:\\\/\\\/www.kialocosmetics.com\\\/tienda\\\/\"},{\"@type\":\"ListItem\",\"position\":3,\"name\":\"Festes Shampoo Hera\"}]},{\"@type\":\"WebSite\",\"@id\":\"https:\\\/\\\/www.kialocosmetics.com\\\/#website\",\"url\":\"https:\\\/\\\/www.kialocosmetics.com\\\/\",\"name\":\"Kialo cosmetics\",\"description\":\"Cosm\u00e9tica honesta, naturalmente\",\"publisher\":{\"@id\":\"https:\\\/\\\/www.kialocosmetics.com\\\/#organization\"},\"alternateName\":\"Kialo\",\"potentialAction\":[{\"@type\":\"SearchAction\",\"target\":{\"@type\":\"EntryPoint\",\"urlTemplate\":\"https:\\\/\\\/www.kialocosmetics.com\\\/?s={search_term_string}\"},\"query-input\":{\"@type\":\"PropertyValueSpecification\",\"valueRequired\":true,\"valueName\":\"search_term_string\"}}],\"inLanguage\":\"de\"},{\"@type\":\"Organization\",\"@id\":\"https:\\\/\\\/www.kialocosmetics.com\\\/#organization\",\"name\":\"Kialo\",\"url\":\"https:\\\/\\\/www.kialocosmetics.com\\\/\",\"logo\":{\"@type\":\"ImageObject\",\"inLanguage\":\"de\",\"@id\":\"https:\\\/\\\/www.kialocosmetics.com\\\/#\\\/schema\\\/logo\\\/image\\\/\",\"url\":\"https:\\\/\\\/www.kialocosmetics.com\\\/wp-content\\\/uploads\\\/2024\\\/05\\\/kialo-logotipo-verde-rgb-1200px-w-72ppi.png\",\"contentUrl\":\"https:\\\/\\\/www.kialocosmetics.com\\\/wp-content\\\/uploads\\\/2024\\\/05\\\/kialo-logotipo-verde-rgb-1200px-w-72ppi.png\",\"width\":1200,\"height\":396,\"caption\":\"Kialo\"},\"image\":{\"@id\":\"https:\\\/\\\/www.kialocosmetics.com\\\/#\\\/schema\\\/logo\\\/image\\\/\"},\"sameAs\":[\"https:\\\/\\\/www.facebook.com\\\/profile.php?id=61558155237230&locale=es_LA\",\"https:\\\/\\\/www.instagram.com\\\/kialocosmetics\\\/\",\"https:\\\/\\\/www.pinterest.es\\\/kialocosmetics\\\/\",\"https:\\\/\\\/www.tiktok.com\\\/@kialocosmetics\"]}]}<\/script>\n<!-- \/ Yoast SEO plugin. -->","yoast_head_json":{"title":"Festes Shampoo Hera - Kialo","robots":{"index":"index","follow":"follow","max-snippet":"max-snippet:-1","max-image-preview":"max-image-preview:large","max-video-preview":"max-video-preview:-1"},"canonical":"https:\/\/www.kialocosmetics.com\/producto\/champu-solido-hera\/","og_locale":"de_DE","og_type":"article","og_title":"Festes Shampoo Hera - Kialo","og_description":"M\u00f6chtest du weiterhin gesundes und sch\u00f6nes Haar haben? HERA, die G\u00f6ttin der Familie, ist mit voller Absicht formuliert, damit deine Frisur leicht zu handhaben ist und das Risiko von Haarbruch reduziert wird. HERA enth\u00e4lt Lavendelhydrolat aufgrund seiner beruhigenden und regenerierenden Eigenschaften. Daru\u0308ber hinaus wird dein Haar dank des Haferextrakts, der aufgrund seiner reinigenden, feuchtigkeitsspendenden und [&hellip;]","og_url":"https:\/\/www.kialocosmetics.com\/producto\/champu-solido-hera\/","og_site_name":"Kialo","article_publisher":"https:\/\/www.facebook.com\/profile.php?id=61558155237230&locale=es_LA","article_modified_time":"2026-02-01T08:44:47+00:00","og_image":[{"width":2048,"height":1365,"url":"https:\/\/www.kialocosmetics.com\/wp-content\/uploads\/2024\/04\/HERA-Cab-normal-1.jpg","type":"image\/jpeg"}],"twitter_card":"summary_large_image","schema":{"@context":"https:\/\/schema.org","@graph":[{"@type":"WebPage","@id":"https:\/\/www.kialocosmetics.com\/producto\/champu-solido-hera\/","url":"https:\/\/www.kialocosmetics.com\/producto\/champu-solido-hera\/","name":"Festes Shampoo Hera - Kialo","isPartOf":{"@id":"https:\/\/www.kialocosmetics.com\/#website"},"primaryImageOfPage":{"@id":"https:\/\/www.kialocosmetics.com\/producto\/champu-solido-hera\/#primaryimage"},"image":{"@id":"https:\/\/www.kialocosmetics.com\/producto\/champu-solido-hera\/#primaryimage"},"thumbnailUrl":"https:\/\/www.kialocosmetics.com\/wp-content\/uploads\/2024\/04\/HERA-Cab-normal-1.jpg","datePublished":"2024-04-15T09:29:16+00:00","dateModified":"2026-02-01T08:44:47+00:00","breadcrumb":{"@id":"https:\/\/www.kialocosmetics.com\/producto\/champu-solido-hera\/#breadcrumb"},"inLanguage":"de","potentialAction":[{"@type":"ReadAction","target":["https:\/\/www.kialocosmetics.com\/producto\/champu-solido-hera\/"]}]},{"@type":"ImageObject","inLanguage":"de","@id":"https:\/\/www.kialocosmetics.com\/producto\/champu-solido-hera\/#primaryimage","url":"https:\/\/www.kialocosmetics.com\/wp-content\/uploads\/2024\/04\/HERA-Cab-normal-1.jpg","contentUrl":"https:\/\/www.kialocosmetics.com\/wp-content\/uploads\/2024\/04\/HERA-Cab-normal-1.jpg","width":2048,"height":1365},{"@type":"BreadcrumbList","@id":"https:\/\/www.kialocosmetics.com\/producto\/champu-solido-hera\/#breadcrumb","itemListElement":[{"@type":"ListItem","position":1,"name":"Portada","item":"https:\/\/www.kialocosmetics.com\/de\/"},{"@type":"ListItem","position":2,"name":"Shop","item":"https:\/\/www.kialocosmetics.com\/tienda\/"},{"@type":"ListItem","position":3,"name":"Festes Shampoo Hera"}]},{"@type":"WebSite","@id":"https:\/\/www.kialocosmetics.com\/#website","url":"https:\/\/www.kialocosmetics.com\/","name":"Kialo cosmetics","description":"Cosm\u00e9tica honesta, naturalmente","publisher":{"@id":"https:\/\/www.kialocosmetics.com\/#organization"},"alternateName":"Kialo","potentialAction":[{"@type":"SearchAction","target":{"@type":"EntryPoint","urlTemplate":"https:\/\/www.kialocosmetics.com\/?s={search_term_string}"},"query-input":{"@type":"PropertyValueSpecification","valueRequired":true,"valueName":"search_term_string"}}],"inLanguage":"de"},{"@type":"Organization","@id":"https:\/\/www.kialocosmetics.com\/#organization","name":"Kialo","url":"https:\/\/www.kialocosmetics.com\/","logo":{"@type":"ImageObject","inLanguage":"de","@id":"https:\/\/www.kialocosmetics.com\/#\/schema\/logo\/image\/","url":"https:\/\/www.kialocosmetics.com\/wp-content\/uploads\/2024\/05\/kialo-logotipo-verde-rgb-1200px-w-72ppi.png","contentUrl":"https:\/\/www.kialocosmetics.com\/wp-content\/uploads\/2024\/05\/kialo-logotipo-verde-rgb-1200px-w-72ppi.png","width":1200,"height":396,"caption":"Kialo"},"image":{"@id":"https:\/\/www.kialocosmetics.com\/#\/schema\/logo\/image\/"},"sameAs":["https:\/\/www.facebook.com\/profile.php?id=61558155237230&locale=es_LA","https:\/\/www.instagram.com\/kialocosmetics\/","https:\/\/www.pinterest.es\/kialocosmetics\/","https:\/\/www.tiktok.com\/@kialocosmetics"]}]}},"_links":{"self":[{"href":"https:\/\/www.kialocosmetics.com\/de\/wp-json\/wp\/v2\/product\/1307","targetHints":{"allow":["GET"]}}],"collection":[{"href":"https:\/\/www.kialocosmetics.com\/de\/wp-json\/wp\/v2\/product"}],"about":[{"href":"https:\/\/www.kialocosmetics.com\/de\/wp-json\/wp\/v2\/types\/product"}],"wp:featuredmedia":[{"embeddable":true,"href":"https:\/\/www.kialocosmetics.com\/de\/wp-json\/wp\/v2\/media\/1287"}],"wp:attachment":[{"href":"https:\/\/www.kialocosmetics.com\/de\/wp-json\/wp\/v2\/media?parent=1307"}],"wp:term":[{"taxonomy":"product_brand","embeddable":true,"href":"https:\/\/www.kialocosmetics.com\/de\/wp-json\/wp\/v2\/product_brand?post=1307"},{"taxonomy":"product_cat","embeddable":true,"href":"https:\/\/www.kialocosmetics.com\/de\/wp-json\/wp\/v2\/product_cat?post=1307"},{"taxonomy":"product_tag","embeddable":true,"href":"https:\/\/www.kialocosmetics.com\/de\/wp-json\/wp\/v2\/product_tag?post=1307"}],"curies":[{"name":"wp","href":"https:\/\/api.w.org\/{rel}","templated":true}]}}