{"id":1313,"date":"2024-04-15T11:40:20","date_gmt":"2024-04-15T09:40:20","guid":{"rendered":"https:\/\/www.kialocosmetics.com\/producto\/hestia-solid-conditioner\/"},"modified":"2024-07-09T14:16:21","modified_gmt":"2024-07-09T12:16:21","slug":"hestia-solid-conditioner","status":"publish","type":"product","link":"https:\/\/www.kialocosmetics.com\/de\/producto\/hestia-solid-conditioner\/","title":{"rendered":"Hestia Solid Conditioner"},"content":{"rendered":"<p class=\"p2\">Entscheiden Sie sich f\u00fcr HESTIA, wenn Sie gerne im Freien Sport treiben oder die Natur genie\u00dfen.<\/p>\n<p class=\"p2\">HESTIA hat dank seines hohen Vitamin-A-Gehalts die F\u00e4higkeit, Ihr Haar vor UV-Strahlen zu sch\u00fctzen.<\/p>\n<p class=\"p2\">Die Hestia-Sp\u00fclung pflegt Ihr Haar bis in die Spitzen, ohne ein fettiges Gef\u00fchl zu hinterlassen.<\/p>\n<p>Ich empfehle Ihnen, es mit seinem <a href=\"https:\/\/www.kialocosmetics.com\/producto\/champu-solido-hestia\/\" target=\"_blank\" rel=\"noopener\">Hestia Shampoo<\/a> zu kombinieren.<\/p>\n","protected":false},"excerpt":{"rendered":"<p>Entscheiden Sie sich f\u00fcr HESTIA, wenn Sie gerne im Freien Sport treiben oder die Natur genie\u00dfen. HESTIA hat dank seines hohen Vitamin-A-Gehalts die F\u00e4higkeit, Ihr Haar vor UV-Strahlen zu sch\u00fctzen. Die Hestia-Sp\u00fclung pflegt Ihr Haar bis in die Spitzen, ohne ein fettiges Gef\u00fchl zu hinterlassen. Ich empfehle Ihnen, es mit seinem Hestia Shampoo zu kombinieren.<\/p>\n","protected":false},"featured_media":1297,"template":"","meta":{"_acf_changed":false},"product_brand":[],"product_cat":[53],"product_tag":[],"class_list":{"0":"post-1313","1":"product","2":"type-product","3":"status-publish","4":"has-post-thumbnail","6":"product_cat-fettiges-haar","8":"first","9":"instock","10":"taxable","11":"shipping-taxable","12":"purchasable","13":"product-type-simple"},"acf":[],"yoast_head":"<!-- This site is optimized with the Yoast SEO plugin v27.5 - https:\/\/yoast.com\/product\/yoast-seo-wordpress\/ -->\n<title>Hestia Solid Conditioner - Kialo<\/title>\n<meta name=\"robots\" content=\"index, follow, max-snippet:-1, max-image-preview:large, max-video-preview:-1\" \/>\n<link rel=\"canonical\" href=\"https:\/\/www.kialocosmetics.com\/de\/producto\/hestia-solid-conditioner\/\" \/>\n<meta property=\"og:locale\" content=\"de_DE\" \/>\n<meta property=\"og:type\" content=\"article\" \/>\n<meta property=\"og:title\" content=\"Hestia Solid Conditioner - Kialo\" \/>\n<meta property=\"og:description\" content=\"Entscheiden Sie sich f\u00fcr HESTIA, wenn Sie gerne im Freien Sport treiben oder die Natur genie\u00dfen. HESTIA hat dank seines hohen Vitamin-A-Gehalts die F\u00e4higkeit, Ihr Haar vor UV-Strahlen zu sch\u00fctzen. Die Hestia-Sp\u00fclung pflegt Ihr Haar bis in die Spitzen, ohne ein fettiges Gef\u00fchl zu hinterlassen. Ich empfehle Ihnen, es mit seinem Hestia Shampoo zu kombinieren.\" \/>\n<meta property=\"og:url\" content=\"https:\/\/www.kialocosmetics.com\/de\/producto\/hestia-solid-conditioner\/\" \/>\n<meta property=\"og:site_name\" content=\"Kialo\" \/>\n<meta property=\"article:publisher\" content=\"https:\/\/www.facebook.com\/profile.php?id=61558155237230&amp;locale=es_LA\" \/>\n<meta property=\"article:modified_time\" content=\"2024-07-09T12:16:21+00:00\" \/>\n<meta property=\"og:image\" content=\"https:\/\/www.kialocosmetics.com\/wp-content\/uploads\/2024\/04\/HESTIA-ACONDIC.jpg\" \/>\n\t<meta property=\"og:image:width\" content=\"2048\" \/>\n\t<meta property=\"og:image:height\" content=\"1365\" \/>\n\t<meta property=\"og:image:type\" content=\"image\/jpeg\" \/>\n<meta name=\"twitter:card\" content=\"summary_large_image\" \/>\n<script type=\"application\/ld+json\" class=\"yoast-schema-graph\">{\"@context\":\"https:\\\/\\\/schema.org\",\"@graph\":[{\"@type\":\"WebPage\",\"@id\":\"https:\\\/\\\/www.kialocosmetics.com\\\/de\\\/producto\\\/hestia-solid-conditioner\\\/\",\"url\":\"https:\\\/\\\/www.kialocosmetics.com\\\/de\\\/producto\\\/hestia-solid-conditioner\\\/\",\"name\":\"Hestia Solid Conditioner - Kialo\",\"isPartOf\":{\"@id\":\"https:\\\/\\\/www.kialocosmetics.com\\\/#website\"},\"primaryImageOfPage\":{\"@id\":\"https:\\\/\\\/www.kialocosmetics.com\\\/de\\\/producto\\\/hestia-solid-conditioner\\\/#primaryimage\"},\"image\":{\"@id\":\"https:\\\/\\\/www.kialocosmetics.com\\\/de\\\/producto\\\/hestia-solid-conditioner\\\/#primaryimage\"},\"thumbnailUrl\":\"https:\\\/\\\/www.kialocosmetics.com\\\/wp-content\\\/uploads\\\/2024\\\/04\\\/HESTIA-ACONDIC.jpg\",\"datePublished\":\"2024-04-15T09:40:20+00:00\",\"dateModified\":\"2024-07-09T12:16:21+00:00\",\"breadcrumb\":{\"@id\":\"https:\\\/\\\/www.kialocosmetics.com\\\/de\\\/producto\\\/hestia-solid-conditioner\\\/#breadcrumb\"},\"inLanguage\":\"de\",\"potentialAction\":[{\"@type\":\"ReadAction\",\"target\":[\"https:\\\/\\\/www.kialocosmetics.com\\\/de\\\/producto\\\/hestia-solid-conditioner\\\/\"]}]},{\"@type\":\"ImageObject\",\"inLanguage\":\"de\",\"@id\":\"https:\\\/\\\/www.kialocosmetics.com\\\/de\\\/producto\\\/hestia-solid-conditioner\\\/#primaryimage\",\"url\":\"https:\\\/\\\/www.kialocosmetics.com\\\/wp-content\\\/uploads\\\/2024\\\/04\\\/HESTIA-ACONDIC.jpg\",\"contentUrl\":\"https:\\\/\\\/www.kialocosmetics.com\\\/wp-content\\\/uploads\\\/2024\\\/04\\\/HESTIA-ACONDIC.jpg\",\"width\":2048,\"height\":1365},{\"@type\":\"BreadcrumbList\",\"@id\":\"https:\\\/\\\/www.kialocosmetics.com\\\/de\\\/producto\\\/hestia-solid-conditioner\\\/#breadcrumb\",\"itemListElement\":[{\"@type\":\"ListItem\",\"position\":1,\"name\":\"Portada\",\"item\":\"https:\\\/\\\/www.kialocosmetics.com\\\/de\\\/\"},{\"@type\":\"ListItem\",\"position\":2,\"name\":\"Shop\",\"item\":\"https:\\\/\\\/www.kialocosmetics.com\\\/tienda\\\/\"},{\"@type\":\"ListItem\",\"position\":3,\"name\":\"Hestia Solid Conditioner\"}]},{\"@type\":\"WebSite\",\"@id\":\"https:\\\/\\\/www.kialocosmetics.com\\\/#website\",\"url\":\"https:\\\/\\\/www.kialocosmetics.com\\\/\",\"name\":\"Kialo cosmetics\",\"description\":\"Cosm\u00e9tica honesta, naturalmente\",\"publisher\":{\"@id\":\"https:\\\/\\\/www.kialocosmetics.com\\\/#organization\"},\"alternateName\":\"Kialo\",\"potentialAction\":[{\"@type\":\"SearchAction\",\"target\":{\"@type\":\"EntryPoint\",\"urlTemplate\":\"https:\\\/\\\/www.kialocosmetics.com\\\/?s={search_term_string}\"},\"query-input\":{\"@type\":\"PropertyValueSpecification\",\"valueRequired\":true,\"valueName\":\"search_term_string\"}}],\"inLanguage\":\"de\"},{\"@type\":\"Organization\",\"@id\":\"https:\\\/\\\/www.kialocosmetics.com\\\/#organization\",\"name\":\"Kialo\",\"url\":\"https:\\\/\\\/www.kialocosmetics.com\\\/\",\"logo\":{\"@type\":\"ImageObject\",\"inLanguage\":\"de\",\"@id\":\"https:\\\/\\\/www.kialocosmetics.com\\\/#\\\/schema\\\/logo\\\/image\\\/\",\"url\":\"https:\\\/\\\/www.kialocosmetics.com\\\/wp-content\\\/uploads\\\/2024\\\/05\\\/kialo-logotipo-verde-rgb-1200px-w-72ppi.png\",\"contentUrl\":\"https:\\\/\\\/www.kialocosmetics.com\\\/wp-content\\\/uploads\\\/2024\\\/05\\\/kialo-logotipo-verde-rgb-1200px-w-72ppi.png\",\"width\":1200,\"height\":396,\"caption\":\"Kialo\"},\"image\":{\"@id\":\"https:\\\/\\\/www.kialocosmetics.com\\\/#\\\/schema\\\/logo\\\/image\\\/\"},\"sameAs\":[\"https:\\\/\\\/www.facebook.com\\\/profile.php?id=61558155237230&locale=es_LA\",\"https:\\\/\\\/www.instagram.com\\\/kialocosmetics\\\/\",\"https:\\\/\\\/www.pinterest.es\\\/kialocosmetics\\\/\",\"https:\\\/\\\/www.tiktok.com\\\/@kialocosmetics\"]}]}<\/script>\n<!-- \/ Yoast SEO plugin. -->","yoast_head_json":{"title":"Hestia Solid Conditioner - Kialo","robots":{"index":"index","follow":"follow","max-snippet":"max-snippet:-1","max-image-preview":"max-image-preview:large","max-video-preview":"max-video-preview:-1"},"canonical":"https:\/\/www.kialocosmetics.com\/de\/producto\/hestia-solid-conditioner\/","og_locale":"de_DE","og_type":"article","og_title":"Hestia Solid Conditioner - Kialo","og_description":"Entscheiden Sie sich f\u00fcr HESTIA, wenn Sie gerne im Freien Sport treiben oder die Natur genie\u00dfen. HESTIA hat dank seines hohen Vitamin-A-Gehalts die F\u00e4higkeit, Ihr Haar vor UV-Strahlen zu sch\u00fctzen. Die Hestia-Sp\u00fclung pflegt Ihr Haar bis in die Spitzen, ohne ein fettiges Gef\u00fchl zu hinterlassen. Ich empfehle Ihnen, es mit seinem Hestia Shampoo zu kombinieren.","og_url":"https:\/\/www.kialocosmetics.com\/de\/producto\/hestia-solid-conditioner\/","og_site_name":"Kialo","article_publisher":"https:\/\/www.facebook.com\/profile.php?id=61558155237230&locale=es_LA","article_modified_time":"2024-07-09T12:16:21+00:00","og_image":[{"width":2048,"height":1365,"url":"https:\/\/www.kialocosmetics.com\/wp-content\/uploads\/2024\/04\/HESTIA-ACONDIC.jpg","type":"image\/jpeg"}],"twitter_card":"summary_large_image","schema":{"@context":"https:\/\/schema.org","@graph":[{"@type":"WebPage","@id":"https:\/\/www.kialocosmetics.com\/de\/producto\/hestia-solid-conditioner\/","url":"https:\/\/www.kialocosmetics.com\/de\/producto\/hestia-solid-conditioner\/","name":"Hestia Solid Conditioner - Kialo","isPartOf":{"@id":"https:\/\/www.kialocosmetics.com\/#website"},"primaryImageOfPage":{"@id":"https:\/\/www.kialocosmetics.com\/de\/producto\/hestia-solid-conditioner\/#primaryimage"},"image":{"@id":"https:\/\/www.kialocosmetics.com\/de\/producto\/hestia-solid-conditioner\/#primaryimage"},"thumbnailUrl":"https:\/\/www.kialocosmetics.com\/wp-content\/uploads\/2024\/04\/HESTIA-ACONDIC.jpg","datePublished":"2024-04-15T09:40:20+00:00","dateModified":"2024-07-09T12:16:21+00:00","breadcrumb":{"@id":"https:\/\/www.kialocosmetics.com\/de\/producto\/hestia-solid-conditioner\/#breadcrumb"},"inLanguage":"de","potentialAction":[{"@type":"ReadAction","target":["https:\/\/www.kialocosmetics.com\/de\/producto\/hestia-solid-conditioner\/"]}]},{"@type":"ImageObject","inLanguage":"de","@id":"https:\/\/www.kialocosmetics.com\/de\/producto\/hestia-solid-conditioner\/#primaryimage","url":"https:\/\/www.kialocosmetics.com\/wp-content\/uploads\/2024\/04\/HESTIA-ACONDIC.jpg","contentUrl":"https:\/\/www.kialocosmetics.com\/wp-content\/uploads\/2024\/04\/HESTIA-ACONDIC.jpg","width":2048,"height":1365},{"@type":"BreadcrumbList","@id":"https:\/\/www.kialocosmetics.com\/de\/producto\/hestia-solid-conditioner\/#breadcrumb","itemListElement":[{"@type":"ListItem","position":1,"name":"Portada","item":"https:\/\/www.kialocosmetics.com\/de\/"},{"@type":"ListItem","position":2,"name":"Shop","item":"https:\/\/www.kialocosmetics.com\/tienda\/"},{"@type":"ListItem","position":3,"name":"Hestia Solid Conditioner"}]},{"@type":"WebSite","@id":"https:\/\/www.kialocosmetics.com\/#website","url":"https:\/\/www.kialocosmetics.com\/","name":"Kialo cosmetics","description":"Cosm\u00e9tica honesta, naturalmente","publisher":{"@id":"https:\/\/www.kialocosmetics.com\/#organization"},"alternateName":"Kialo","potentialAction":[{"@type":"SearchAction","target":{"@type":"EntryPoint","urlTemplate":"https:\/\/www.kialocosmetics.com\/?s={search_term_string}"},"query-input":{"@type":"PropertyValueSpecification","valueRequired":true,"valueName":"search_term_string"}}],"inLanguage":"de"},{"@type":"Organization","@id":"https:\/\/www.kialocosmetics.com\/#organization","name":"Kialo","url":"https:\/\/www.kialocosmetics.com\/","logo":{"@type":"ImageObject","inLanguage":"de","@id":"https:\/\/www.kialocosmetics.com\/#\/schema\/logo\/image\/","url":"https:\/\/www.kialocosmetics.com\/wp-content\/uploads\/2024\/05\/kialo-logotipo-verde-rgb-1200px-w-72ppi.png","contentUrl":"https:\/\/www.kialocosmetics.com\/wp-content\/uploads\/2024\/05\/kialo-logotipo-verde-rgb-1200px-w-72ppi.png","width":1200,"height":396,"caption":"Kialo"},"image":{"@id":"https:\/\/www.kialocosmetics.com\/#\/schema\/logo\/image\/"},"sameAs":["https:\/\/www.facebook.com\/profile.php?id=61558155237230&locale=es_LA","https:\/\/www.instagram.com\/kialocosmetics\/","https:\/\/www.pinterest.es\/kialocosmetics\/","https:\/\/www.tiktok.com\/@kialocosmetics"]}]}},"_links":{"self":[{"href":"https:\/\/www.kialocosmetics.com\/de\/wp-json\/wp\/v2\/product\/1313","targetHints":{"allow":["GET"]}}],"collection":[{"href":"https:\/\/www.kialocosmetics.com\/de\/wp-json\/wp\/v2\/product"}],"about":[{"href":"https:\/\/www.kialocosmetics.com\/de\/wp-json\/wp\/v2\/types\/product"}],"wp:featuredmedia":[{"embeddable":true,"href":"https:\/\/www.kialocosmetics.com\/de\/wp-json\/wp\/v2\/media\/1297"}],"wp:attachment":[{"href":"https:\/\/www.kialocosmetics.com\/de\/wp-json\/wp\/v2\/media?parent=1313"}],"wp:term":[{"taxonomy":"product_brand","embeddable":true,"href":"https:\/\/www.kialocosmetics.com\/de\/wp-json\/wp\/v2\/product_brand?post=1313"},{"taxonomy":"product_cat","embeddable":true,"href":"https:\/\/www.kialocosmetics.com\/de\/wp-json\/wp\/v2\/product_cat?post=1313"},{"taxonomy":"product_tag","embeddable":true,"href":"https:\/\/www.kialocosmetics.com\/de\/wp-json\/wp\/v2\/product_tag?post=1313"}],"curies":[{"name":"wp","href":"https:\/\/api.w.org\/{rel}","templated":true}]}}