{"id":1319,"date":"2024-04-15T11:37:47","date_gmt":"2024-04-15T09:37:47","guid":{"rendered":"https:\/\/www.kialocosmetics.com\/producto\/hestia-festes-shampoo\/"},"modified":"2024-07-09T14:30:44","modified_gmt":"2024-07-09T12:30:44","slug":"hestia-festes-shampoo","status":"publish","type":"product","link":"https:\/\/www.kialocosmetics.com\/de\/producto\/hestia-festes-shampoo\/","title":{"rendered":"Hestia Festes Shampoo"},"content":{"rendered":"<p class=\"p2\"><strong>M\u00f6chten Sie Ihre W\u00e4sche in gr\u00f6\u00dferen Abst\u00e4nden waschen?<\/strong><\/p>\n<p class=\"p3\">Wenn Sie fettiges Haar haben und schon immer davon getr\u00e4umt haben, sich nicht jeden Tag den Kopf waschen zu m\u00fcssen, sparen Sie Zeit und Energie. HESTIA ist Ihr Shampoo.<\/p>\n<p class=\"p3\">HESTIA enth\u00e4lt nicht nur Rosmarinhydrolat, sondern auch einen Rosmarinextrakt, der die Talgsekretion reguliert und Haarausfall und Schuppenbildung vorbeugt.<\/p>\n<p class=\"p3\">Ich empfehle Ihnen, es mit seinem HESTIA Conditioner zu begleiten.<\/p>\n","protected":false},"excerpt":{"rendered":"<p>M\u00f6chten Sie Ihre W\u00e4sche in gr\u00f6\u00dferen Abst\u00e4nden waschen? Wenn Sie fettiges Haar haben und schon immer davon getr\u00e4umt haben, sich nicht jeden Tag den Kopf waschen zu m\u00fcssen, sparen Sie Zeit und Energie. HESTIA ist Ihr Shampoo. HESTIA enth\u00e4lt nicht nur Rosmarinhydrolat, sondern auch einen Rosmarinextrakt, der die Talgsekretion reguliert und Haarausfall und Schuppenbildung vorbeugt. [&hellip;]<\/p>\n","protected":false},"featured_media":1296,"template":"","meta":{"_acf_changed":false},"product_brand":[],"product_cat":[53],"product_tag":[],"class_list":{"0":"post-1319","1":"product","2":"type-product","3":"status-publish","4":"has-post-thumbnail","6":"product_cat-fettiges-haar","8":"first","9":"instock","10":"taxable","11":"shipping-taxable","12":"purchasable","13":"product-type-simple"},"acf":[],"yoast_head":"<!-- This site is optimized with the Yoast SEO plugin v27.5 - https:\/\/yoast.com\/product\/yoast-seo-wordpress\/ -->\n<title>Hestia Festes Shampoo - Kialo<\/title>\n<meta name=\"robots\" content=\"index, follow, max-snippet:-1, max-image-preview:large, max-video-preview:-1\" \/>\n<link rel=\"canonical\" href=\"https:\/\/www.kialocosmetics.com\/de\/producto\/hestia-festes-shampoo\/\" \/>\n<meta property=\"og:locale\" content=\"de_DE\" \/>\n<meta property=\"og:type\" content=\"article\" \/>\n<meta property=\"og:title\" content=\"Hestia Festes Shampoo - Kialo\" \/>\n<meta property=\"og:description\" content=\"M\u00f6chten Sie Ihre W\u00e4sche in gr\u00f6\u00dferen Abst\u00e4nden waschen? Wenn Sie fettiges Haar haben und schon immer davon getr\u00e4umt haben, sich nicht jeden Tag den Kopf waschen zu m\u00fcssen, sparen Sie Zeit und Energie. HESTIA ist Ihr Shampoo. HESTIA enth\u00e4lt nicht nur Rosmarinhydrolat, sondern auch einen Rosmarinextrakt, der die Talgsekretion reguliert und Haarausfall und Schuppenbildung vorbeugt. [&hellip;]\" \/>\n<meta property=\"og:url\" content=\"https:\/\/www.kialocosmetics.com\/de\/producto\/hestia-festes-shampoo\/\" \/>\n<meta property=\"og:site_name\" content=\"Kialo\" \/>\n<meta property=\"article:publisher\" content=\"https:\/\/www.facebook.com\/profile.php?id=61558155237230&amp;locale=es_LA\" \/>\n<meta property=\"article:modified_time\" content=\"2024-07-09T12:30:44+00:00\" \/>\n<meta property=\"og:image\" content=\"https:\/\/www.kialocosmetics.com\/wp-content\/uploads\/2024\/04\/HESTIA-cab-graso.jpg\" \/>\n\t<meta property=\"og:image:width\" content=\"2048\" \/>\n\t<meta property=\"og:image:height\" content=\"1365\" \/>\n\t<meta property=\"og:image:type\" content=\"image\/jpeg\" \/>\n<meta name=\"twitter:card\" content=\"summary_large_image\" \/>\n<script type=\"application\/ld+json\" class=\"yoast-schema-graph\">{\"@context\":\"https:\\\/\\\/schema.org\",\"@graph\":[{\"@type\":\"WebPage\",\"@id\":\"https:\\\/\\\/www.kialocosmetics.com\\\/de\\\/producto\\\/hestia-festes-shampoo\\\/\",\"url\":\"https:\\\/\\\/www.kialocosmetics.com\\\/de\\\/producto\\\/hestia-festes-shampoo\\\/\",\"name\":\"Hestia Festes Shampoo - Kialo\",\"isPartOf\":{\"@id\":\"https:\\\/\\\/www.kialocosmetics.com\\\/#website\"},\"primaryImageOfPage\":{\"@id\":\"https:\\\/\\\/www.kialocosmetics.com\\\/de\\\/producto\\\/hestia-festes-shampoo\\\/#primaryimage\"},\"image\":{\"@id\":\"https:\\\/\\\/www.kialocosmetics.com\\\/de\\\/producto\\\/hestia-festes-shampoo\\\/#primaryimage\"},\"thumbnailUrl\":\"https:\\\/\\\/www.kialocosmetics.com\\\/wp-content\\\/uploads\\\/2024\\\/04\\\/HESTIA-cab-graso.jpg\",\"datePublished\":\"2024-04-15T09:37:47+00:00\",\"dateModified\":\"2024-07-09T12:30:44+00:00\",\"breadcrumb\":{\"@id\":\"https:\\\/\\\/www.kialocosmetics.com\\\/de\\\/producto\\\/hestia-festes-shampoo\\\/#breadcrumb\"},\"inLanguage\":\"de\",\"potentialAction\":[{\"@type\":\"ReadAction\",\"target\":[\"https:\\\/\\\/www.kialocosmetics.com\\\/de\\\/producto\\\/hestia-festes-shampoo\\\/\"]}]},{\"@type\":\"ImageObject\",\"inLanguage\":\"de\",\"@id\":\"https:\\\/\\\/www.kialocosmetics.com\\\/de\\\/producto\\\/hestia-festes-shampoo\\\/#primaryimage\",\"url\":\"https:\\\/\\\/www.kialocosmetics.com\\\/wp-content\\\/uploads\\\/2024\\\/04\\\/HESTIA-cab-graso.jpg\",\"contentUrl\":\"https:\\\/\\\/www.kialocosmetics.com\\\/wp-content\\\/uploads\\\/2024\\\/04\\\/HESTIA-cab-graso.jpg\",\"width\":2048,\"height\":1365},{\"@type\":\"BreadcrumbList\",\"@id\":\"https:\\\/\\\/www.kialocosmetics.com\\\/de\\\/producto\\\/hestia-festes-shampoo\\\/#breadcrumb\",\"itemListElement\":[{\"@type\":\"ListItem\",\"position\":1,\"name\":\"Portada\",\"item\":\"https:\\\/\\\/www.kialocosmetics.com\\\/de\\\/\"},{\"@type\":\"ListItem\",\"position\":2,\"name\":\"Shop\",\"item\":\"https:\\\/\\\/www.kialocosmetics.com\\\/tienda\\\/\"},{\"@type\":\"ListItem\",\"position\":3,\"name\":\"Hestia Festes Shampoo\"}]},{\"@type\":\"WebSite\",\"@id\":\"https:\\\/\\\/www.kialocosmetics.com\\\/#website\",\"url\":\"https:\\\/\\\/www.kialocosmetics.com\\\/\",\"name\":\"Kialo cosmetics\",\"description\":\"Cosm\u00e9tica honesta, naturalmente\",\"publisher\":{\"@id\":\"https:\\\/\\\/www.kialocosmetics.com\\\/#organization\"},\"alternateName\":\"Kialo\",\"potentialAction\":[{\"@type\":\"SearchAction\",\"target\":{\"@type\":\"EntryPoint\",\"urlTemplate\":\"https:\\\/\\\/www.kialocosmetics.com\\\/?s={search_term_string}\"},\"query-input\":{\"@type\":\"PropertyValueSpecification\",\"valueRequired\":true,\"valueName\":\"search_term_string\"}}],\"inLanguage\":\"de\"},{\"@type\":\"Organization\",\"@id\":\"https:\\\/\\\/www.kialocosmetics.com\\\/#organization\",\"name\":\"Kialo\",\"url\":\"https:\\\/\\\/www.kialocosmetics.com\\\/\",\"logo\":{\"@type\":\"ImageObject\",\"inLanguage\":\"de\",\"@id\":\"https:\\\/\\\/www.kialocosmetics.com\\\/#\\\/schema\\\/logo\\\/image\\\/\",\"url\":\"https:\\\/\\\/www.kialocosmetics.com\\\/wp-content\\\/uploads\\\/2024\\\/05\\\/kialo-logotipo-verde-rgb-1200px-w-72ppi.png\",\"contentUrl\":\"https:\\\/\\\/www.kialocosmetics.com\\\/wp-content\\\/uploads\\\/2024\\\/05\\\/kialo-logotipo-verde-rgb-1200px-w-72ppi.png\",\"width\":1200,\"height\":396,\"caption\":\"Kialo\"},\"image\":{\"@id\":\"https:\\\/\\\/www.kialocosmetics.com\\\/#\\\/schema\\\/logo\\\/image\\\/\"},\"sameAs\":[\"https:\\\/\\\/www.facebook.com\\\/profile.php?id=61558155237230&locale=es_LA\",\"https:\\\/\\\/www.instagram.com\\\/kialocosmetics\\\/\",\"https:\\\/\\\/www.pinterest.es\\\/kialocosmetics\\\/\",\"https:\\\/\\\/www.tiktok.com\\\/@kialocosmetics\"]}]}<\/script>\n<!-- \/ Yoast SEO plugin. -->","yoast_head_json":{"title":"Hestia Festes Shampoo - Kialo","robots":{"index":"index","follow":"follow","max-snippet":"max-snippet:-1","max-image-preview":"max-image-preview:large","max-video-preview":"max-video-preview:-1"},"canonical":"https:\/\/www.kialocosmetics.com\/de\/producto\/hestia-festes-shampoo\/","og_locale":"de_DE","og_type":"article","og_title":"Hestia Festes Shampoo - Kialo","og_description":"M\u00f6chten Sie Ihre W\u00e4sche in gr\u00f6\u00dferen Abst\u00e4nden waschen? Wenn Sie fettiges Haar haben und schon immer davon getr\u00e4umt haben, sich nicht jeden Tag den Kopf waschen zu m\u00fcssen, sparen Sie Zeit und Energie. HESTIA ist Ihr Shampoo. HESTIA enth\u00e4lt nicht nur Rosmarinhydrolat, sondern auch einen Rosmarinextrakt, der die Talgsekretion reguliert und Haarausfall und Schuppenbildung vorbeugt. [&hellip;]","og_url":"https:\/\/www.kialocosmetics.com\/de\/producto\/hestia-festes-shampoo\/","og_site_name":"Kialo","article_publisher":"https:\/\/www.facebook.com\/profile.php?id=61558155237230&locale=es_LA","article_modified_time":"2024-07-09T12:30:44+00:00","og_image":[{"width":2048,"height":1365,"url":"https:\/\/www.kialocosmetics.com\/wp-content\/uploads\/2024\/04\/HESTIA-cab-graso.jpg","type":"image\/jpeg"}],"twitter_card":"summary_large_image","schema":{"@context":"https:\/\/schema.org","@graph":[{"@type":"WebPage","@id":"https:\/\/www.kialocosmetics.com\/de\/producto\/hestia-festes-shampoo\/","url":"https:\/\/www.kialocosmetics.com\/de\/producto\/hestia-festes-shampoo\/","name":"Hestia Festes Shampoo - Kialo","isPartOf":{"@id":"https:\/\/www.kialocosmetics.com\/#website"},"primaryImageOfPage":{"@id":"https:\/\/www.kialocosmetics.com\/de\/producto\/hestia-festes-shampoo\/#primaryimage"},"image":{"@id":"https:\/\/www.kialocosmetics.com\/de\/producto\/hestia-festes-shampoo\/#primaryimage"},"thumbnailUrl":"https:\/\/www.kialocosmetics.com\/wp-content\/uploads\/2024\/04\/HESTIA-cab-graso.jpg","datePublished":"2024-04-15T09:37:47+00:00","dateModified":"2024-07-09T12:30:44+00:00","breadcrumb":{"@id":"https:\/\/www.kialocosmetics.com\/de\/producto\/hestia-festes-shampoo\/#breadcrumb"},"inLanguage":"de","potentialAction":[{"@type":"ReadAction","target":["https:\/\/www.kialocosmetics.com\/de\/producto\/hestia-festes-shampoo\/"]}]},{"@type":"ImageObject","inLanguage":"de","@id":"https:\/\/www.kialocosmetics.com\/de\/producto\/hestia-festes-shampoo\/#primaryimage","url":"https:\/\/www.kialocosmetics.com\/wp-content\/uploads\/2024\/04\/HESTIA-cab-graso.jpg","contentUrl":"https:\/\/www.kialocosmetics.com\/wp-content\/uploads\/2024\/04\/HESTIA-cab-graso.jpg","width":2048,"height":1365},{"@type":"BreadcrumbList","@id":"https:\/\/www.kialocosmetics.com\/de\/producto\/hestia-festes-shampoo\/#breadcrumb","itemListElement":[{"@type":"ListItem","position":1,"name":"Portada","item":"https:\/\/www.kialocosmetics.com\/de\/"},{"@type":"ListItem","position":2,"name":"Shop","item":"https:\/\/www.kialocosmetics.com\/tienda\/"},{"@type":"ListItem","position":3,"name":"Hestia Festes Shampoo"}]},{"@type":"WebSite","@id":"https:\/\/www.kialocosmetics.com\/#website","url":"https:\/\/www.kialocosmetics.com\/","name":"Kialo cosmetics","description":"Cosm\u00e9tica honesta, naturalmente","publisher":{"@id":"https:\/\/www.kialocosmetics.com\/#organization"},"alternateName":"Kialo","potentialAction":[{"@type":"SearchAction","target":{"@type":"EntryPoint","urlTemplate":"https:\/\/www.kialocosmetics.com\/?s={search_term_string}"},"query-input":{"@type":"PropertyValueSpecification","valueRequired":true,"valueName":"search_term_string"}}],"inLanguage":"de"},{"@type":"Organization","@id":"https:\/\/www.kialocosmetics.com\/#organization","name":"Kialo","url":"https:\/\/www.kialocosmetics.com\/","logo":{"@type":"ImageObject","inLanguage":"de","@id":"https:\/\/www.kialocosmetics.com\/#\/schema\/logo\/image\/","url":"https:\/\/www.kialocosmetics.com\/wp-content\/uploads\/2024\/05\/kialo-logotipo-verde-rgb-1200px-w-72ppi.png","contentUrl":"https:\/\/www.kialocosmetics.com\/wp-content\/uploads\/2024\/05\/kialo-logotipo-verde-rgb-1200px-w-72ppi.png","width":1200,"height":396,"caption":"Kialo"},"image":{"@id":"https:\/\/www.kialocosmetics.com\/#\/schema\/logo\/image\/"},"sameAs":["https:\/\/www.facebook.com\/profile.php?id=61558155237230&locale=es_LA","https:\/\/www.instagram.com\/kialocosmetics\/","https:\/\/www.pinterest.es\/kialocosmetics\/","https:\/\/www.tiktok.com\/@kialocosmetics"]}]}},"_links":{"self":[{"href":"https:\/\/www.kialocosmetics.com\/de\/wp-json\/wp\/v2\/product\/1319","targetHints":{"allow":["GET"]}}],"collection":[{"href":"https:\/\/www.kialocosmetics.com\/de\/wp-json\/wp\/v2\/product"}],"about":[{"href":"https:\/\/www.kialocosmetics.com\/de\/wp-json\/wp\/v2\/types\/product"}],"wp:featuredmedia":[{"embeddable":true,"href":"https:\/\/www.kialocosmetics.com\/de\/wp-json\/wp\/v2\/media\/1296"}],"wp:attachment":[{"href":"https:\/\/www.kialocosmetics.com\/de\/wp-json\/wp\/v2\/media?parent=1319"}],"wp:term":[{"taxonomy":"product_brand","embeddable":true,"href":"https:\/\/www.kialocosmetics.com\/de\/wp-json\/wp\/v2\/product_brand?post=1319"},{"taxonomy":"product_cat","embeddable":true,"href":"https:\/\/www.kialocosmetics.com\/de\/wp-json\/wp\/v2\/product_cat?post=1319"},{"taxonomy":"product_tag","embeddable":true,"href":"https:\/\/www.kialocosmetics.com\/de\/wp-json\/wp\/v2\/product_tag?post=1319"}],"curies":[{"name":"wp","href":"https:\/\/api.w.org\/{rel}","templated":true}]}}