{"id":1980,"date":"2024-12-12T17:00:18","date_gmt":"2024-12-12T16:00:18","guid":{"rendered":"https:\/\/www.kialocosmetics.com\/?post_type=product&#038;p=1980"},"modified":"2024-12-12T20:21:15","modified_gmt":"2024-12-12T19:21:15","slug":"seifenschale","status":"publish","type":"product","link":"https:\/\/www.kialocosmetics.com\/de\/producto\/seifenschale\/","title":{"rendered":"Seifenschale"},"content":{"rendered":"<p>Kork ist ein 100 % nat\u00fcrliches und nachhaltiges Material, das Feuchtigkeit gut standh\u00e4lt. Das Produkt kann problemlos nass werden. Dennoch wird empfohlen, wie bei jedem anderen Material, stehendes Wasser zu vermeiden.<\/p>\n<p>Um die Korkdose oder Seifenschale sowie das Seifenst\u00fcck in bestem Zustand zu halten, sollte das Produkt zwischen den Anwendungen trocknen k\u00f6nnen: \u00dcbersch\u00fcssiges Wasser abgie\u00dfen und die Dose m\u00f6glichst offen und bel\u00fcftet lassen.<\/p>\n<p>Die richtige Aufbewahrung von festen Kosmetikprodukten ist wichtig, da sie zwischen den Anwendungen so gut wie m\u00f6glich trocknen sollten, um Sch\u00e4den zu vermeiden.<\/p>\n","protected":false},"excerpt":{"rendered":"<p>Kork ist ein 100 % nat\u00fcrliches und nachhaltiges Material, das Feuchtigkeit gut standh\u00e4lt. Das Produkt kann problemlos nass werden. Dennoch wird empfohlen, wie bei jedem anderen Material, stehendes Wasser zu vermeiden. Um die Korkdose oder Seifenschale sowie das Seifenst\u00fcck in bestem Zustand zu halten, sollte das Produkt zwischen den Anwendungen trocknen k\u00f6nnen: \u00dcbersch\u00fcssiges Wasser abgie\u00dfen [&hellip;]<\/p>\n","protected":false},"featured_media":1979,"template":"","meta":{"_acf_changed":false},"product_brand":[],"product_cat":[70],"product_tag":[72],"class_list":{"0":"post-1980","1":"product","2":"type-product","3":"status-publish","4":"has-post-thumbnail","6":"product_cat-zubehoer","7":"product_tag-bezeichnung","9":"first","10":"instock","11":"taxable","12":"shipping-taxable","13":"purchasable","14":"product-type-simple"},"acf":[],"yoast_head":"<!-- This site is optimized with the Yoast SEO plugin v27.5 - https:\/\/yoast.com\/product\/yoast-seo-wordpress\/ -->\n<title>Seifenschale - Kialo<\/title>\n<meta name=\"robots\" content=\"index, follow, max-snippet:-1, max-image-preview:large, max-video-preview:-1\" \/>\n<link rel=\"canonical\" href=\"https:\/\/www.kialocosmetics.com\/de\/producto\/seifenschale\/\" \/>\n<meta property=\"og:locale\" content=\"de_DE\" \/>\n<meta property=\"og:type\" content=\"article\" \/>\n<meta property=\"og:title\" content=\"Seifenschale - Kialo\" \/>\n<meta property=\"og:description\" content=\"Kork ist ein 100 % nat\u00fcrliches und nachhaltiges Material, das Feuchtigkeit gut standh\u00e4lt. Das Produkt kann problemlos nass werden. Dennoch wird empfohlen, wie bei jedem anderen Material, stehendes Wasser zu vermeiden. Um die Korkdose oder Seifenschale sowie das Seifenst\u00fcck in bestem Zustand zu halten, sollte das Produkt zwischen den Anwendungen trocknen k\u00f6nnen: \u00dcbersch\u00fcssiges Wasser abgie\u00dfen [&hellip;]\" \/>\n<meta property=\"og:url\" content=\"https:\/\/www.kialocosmetics.com\/de\/producto\/seifenschale\/\" \/>\n<meta property=\"og:site_name\" content=\"Kialo\" \/>\n<meta property=\"article:publisher\" content=\"https:\/\/www.facebook.com\/profile.php?id=61558155237230&amp;locale=es_LA\" \/>\n<meta property=\"article:modified_time\" content=\"2024-12-12T19:21:15+00:00\" \/>\n<meta property=\"og:image\" content=\"https:\/\/www.kialocosmetics.com\/wp-content\/uploads\/2024\/11\/JABONERA-3.jpeg\" \/>\n\t<meta property=\"og:image:width\" content=\"1080\" \/>\n\t<meta property=\"og:image:height\" content=\"1080\" \/>\n\t<meta property=\"og:image:type\" content=\"image\/jpeg\" \/>\n<meta name=\"twitter:card\" content=\"summary_large_image\" \/>\n<meta name=\"twitter:label1\" content=\"Gesch\u00e4tzte Lesezeit\" \/>\n\t<meta name=\"twitter:data1\" content=\"1\u00a0Minute\" \/>\n<script type=\"application\/ld+json\" class=\"yoast-schema-graph\">{\"@context\":\"https:\\\/\\\/schema.org\",\"@graph\":[{\"@type\":\"WebPage\",\"@id\":\"https:\\\/\\\/www.kialocosmetics.com\\\/de\\\/producto\\\/seifenschale\\\/\",\"url\":\"https:\\\/\\\/www.kialocosmetics.com\\\/de\\\/producto\\\/seifenschale\\\/\",\"name\":\"Seifenschale - Kialo\",\"isPartOf\":{\"@id\":\"https:\\\/\\\/www.kialocosmetics.com\\\/#website\"},\"primaryImageOfPage\":{\"@id\":\"https:\\\/\\\/www.kialocosmetics.com\\\/de\\\/producto\\\/seifenschale\\\/#primaryimage\"},\"image\":{\"@id\":\"https:\\\/\\\/www.kialocosmetics.com\\\/de\\\/producto\\\/seifenschale\\\/#primaryimage\"},\"thumbnailUrl\":\"https:\\\/\\\/www.kialocosmetics.com\\\/wp-content\\\/uploads\\\/2024\\\/11\\\/JABONERA-3.jpeg\",\"datePublished\":\"2024-12-12T16:00:18+00:00\",\"dateModified\":\"2024-12-12T19:21:15+00:00\",\"breadcrumb\":{\"@id\":\"https:\\\/\\\/www.kialocosmetics.com\\\/de\\\/producto\\\/seifenschale\\\/#breadcrumb\"},\"inLanguage\":\"de\",\"potentialAction\":[{\"@type\":\"ReadAction\",\"target\":[\"https:\\\/\\\/www.kialocosmetics.com\\\/de\\\/producto\\\/seifenschale\\\/\"]}]},{\"@type\":\"ImageObject\",\"inLanguage\":\"de\",\"@id\":\"https:\\\/\\\/www.kialocosmetics.com\\\/de\\\/producto\\\/seifenschale\\\/#primaryimage\",\"url\":\"https:\\\/\\\/www.kialocosmetics.com\\\/wp-content\\\/uploads\\\/2024\\\/11\\\/JABONERA-3.jpeg\",\"contentUrl\":\"https:\\\/\\\/www.kialocosmetics.com\\\/wp-content\\\/uploads\\\/2024\\\/11\\\/JABONERA-3.jpeg\",\"width\":1080,\"height\":1080},{\"@type\":\"BreadcrumbList\",\"@id\":\"https:\\\/\\\/www.kialocosmetics.com\\\/de\\\/producto\\\/seifenschale\\\/#breadcrumb\",\"itemListElement\":[{\"@type\":\"ListItem\",\"position\":1,\"name\":\"Portada\",\"item\":\"https:\\\/\\\/www.kialocosmetics.com\\\/de\\\/\"},{\"@type\":\"ListItem\",\"position\":2,\"name\":\"Shop\",\"item\":\"https:\\\/\\\/www.kialocosmetics.com\\\/tienda\\\/\"},{\"@type\":\"ListItem\",\"position\":3,\"name\":\"Seifenschale\"}]},{\"@type\":\"WebSite\",\"@id\":\"https:\\\/\\\/www.kialocosmetics.com\\\/#website\",\"url\":\"https:\\\/\\\/www.kialocosmetics.com\\\/\",\"name\":\"Kialo cosmetics\",\"description\":\"Cosm\u00e9tica honesta, naturalmente\",\"publisher\":{\"@id\":\"https:\\\/\\\/www.kialocosmetics.com\\\/#organization\"},\"alternateName\":\"Kialo\",\"potentialAction\":[{\"@type\":\"SearchAction\",\"target\":{\"@type\":\"EntryPoint\",\"urlTemplate\":\"https:\\\/\\\/www.kialocosmetics.com\\\/?s={search_term_string}\"},\"query-input\":{\"@type\":\"PropertyValueSpecification\",\"valueRequired\":true,\"valueName\":\"search_term_string\"}}],\"inLanguage\":\"de\"},{\"@type\":\"Organization\",\"@id\":\"https:\\\/\\\/www.kialocosmetics.com\\\/#organization\",\"name\":\"Kialo\",\"url\":\"https:\\\/\\\/www.kialocosmetics.com\\\/\",\"logo\":{\"@type\":\"ImageObject\",\"inLanguage\":\"de\",\"@id\":\"https:\\\/\\\/www.kialocosmetics.com\\\/#\\\/schema\\\/logo\\\/image\\\/\",\"url\":\"https:\\\/\\\/www.kialocosmetics.com\\\/wp-content\\\/uploads\\\/2024\\\/05\\\/kialo-logotipo-verde-rgb-1200px-w-72ppi.png\",\"contentUrl\":\"https:\\\/\\\/www.kialocosmetics.com\\\/wp-content\\\/uploads\\\/2024\\\/05\\\/kialo-logotipo-verde-rgb-1200px-w-72ppi.png\",\"width\":1200,\"height\":396,\"caption\":\"Kialo\"},\"image\":{\"@id\":\"https:\\\/\\\/www.kialocosmetics.com\\\/#\\\/schema\\\/logo\\\/image\\\/\"},\"sameAs\":[\"https:\\\/\\\/www.facebook.com\\\/profile.php?id=61558155237230&locale=es_LA\",\"https:\\\/\\\/www.instagram.com\\\/kialocosmetics\\\/\",\"https:\\\/\\\/www.pinterest.es\\\/kialocosmetics\\\/\",\"https:\\\/\\\/www.tiktok.com\\\/@kialocosmetics\"]}]}<\/script>\n<!-- \/ Yoast SEO plugin. -->","yoast_head_json":{"title":"Seifenschale - Kialo","robots":{"index":"index","follow":"follow","max-snippet":"max-snippet:-1","max-image-preview":"max-image-preview:large","max-video-preview":"max-video-preview:-1"},"canonical":"https:\/\/www.kialocosmetics.com\/de\/producto\/seifenschale\/","og_locale":"de_DE","og_type":"article","og_title":"Seifenschale - Kialo","og_description":"Kork ist ein 100 % nat\u00fcrliches und nachhaltiges Material, das Feuchtigkeit gut standh\u00e4lt. Das Produkt kann problemlos nass werden. Dennoch wird empfohlen, wie bei jedem anderen Material, stehendes Wasser zu vermeiden. Um die Korkdose oder Seifenschale sowie das Seifenst\u00fcck in bestem Zustand zu halten, sollte das Produkt zwischen den Anwendungen trocknen k\u00f6nnen: \u00dcbersch\u00fcssiges Wasser abgie\u00dfen [&hellip;]","og_url":"https:\/\/www.kialocosmetics.com\/de\/producto\/seifenschale\/","og_site_name":"Kialo","article_publisher":"https:\/\/www.facebook.com\/profile.php?id=61558155237230&locale=es_LA","article_modified_time":"2024-12-12T19:21:15+00:00","og_image":[{"width":1080,"height":1080,"url":"https:\/\/www.kialocosmetics.com\/wp-content\/uploads\/2024\/11\/JABONERA-3.jpeg","type":"image\/jpeg"}],"twitter_card":"summary_large_image","twitter_misc":{"Gesch\u00e4tzte Lesezeit":"1\u00a0Minute"},"schema":{"@context":"https:\/\/schema.org","@graph":[{"@type":"WebPage","@id":"https:\/\/www.kialocosmetics.com\/de\/producto\/seifenschale\/","url":"https:\/\/www.kialocosmetics.com\/de\/producto\/seifenschale\/","name":"Seifenschale - Kialo","isPartOf":{"@id":"https:\/\/www.kialocosmetics.com\/#website"},"primaryImageOfPage":{"@id":"https:\/\/www.kialocosmetics.com\/de\/producto\/seifenschale\/#primaryimage"},"image":{"@id":"https:\/\/www.kialocosmetics.com\/de\/producto\/seifenschale\/#primaryimage"},"thumbnailUrl":"https:\/\/www.kialocosmetics.com\/wp-content\/uploads\/2024\/11\/JABONERA-3.jpeg","datePublished":"2024-12-12T16:00:18+00:00","dateModified":"2024-12-12T19:21:15+00:00","breadcrumb":{"@id":"https:\/\/www.kialocosmetics.com\/de\/producto\/seifenschale\/#breadcrumb"},"inLanguage":"de","potentialAction":[{"@type":"ReadAction","target":["https:\/\/www.kialocosmetics.com\/de\/producto\/seifenschale\/"]}]},{"@type":"ImageObject","inLanguage":"de","@id":"https:\/\/www.kialocosmetics.com\/de\/producto\/seifenschale\/#primaryimage","url":"https:\/\/www.kialocosmetics.com\/wp-content\/uploads\/2024\/11\/JABONERA-3.jpeg","contentUrl":"https:\/\/www.kialocosmetics.com\/wp-content\/uploads\/2024\/11\/JABONERA-3.jpeg","width":1080,"height":1080},{"@type":"BreadcrumbList","@id":"https:\/\/www.kialocosmetics.com\/de\/producto\/seifenschale\/#breadcrumb","itemListElement":[{"@type":"ListItem","position":1,"name":"Portada","item":"https:\/\/www.kialocosmetics.com\/de\/"},{"@type":"ListItem","position":2,"name":"Shop","item":"https:\/\/www.kialocosmetics.com\/tienda\/"},{"@type":"ListItem","position":3,"name":"Seifenschale"}]},{"@type":"WebSite","@id":"https:\/\/www.kialocosmetics.com\/#website","url":"https:\/\/www.kialocosmetics.com\/","name":"Kialo cosmetics","description":"Cosm\u00e9tica honesta, naturalmente","publisher":{"@id":"https:\/\/www.kialocosmetics.com\/#organization"},"alternateName":"Kialo","potentialAction":[{"@type":"SearchAction","target":{"@type":"EntryPoint","urlTemplate":"https:\/\/www.kialocosmetics.com\/?s={search_term_string}"},"query-input":{"@type":"PropertyValueSpecification","valueRequired":true,"valueName":"search_term_string"}}],"inLanguage":"de"},{"@type":"Organization","@id":"https:\/\/www.kialocosmetics.com\/#organization","name":"Kialo","url":"https:\/\/www.kialocosmetics.com\/","logo":{"@type":"ImageObject","inLanguage":"de","@id":"https:\/\/www.kialocosmetics.com\/#\/schema\/logo\/image\/","url":"https:\/\/www.kialocosmetics.com\/wp-content\/uploads\/2024\/05\/kialo-logotipo-verde-rgb-1200px-w-72ppi.png","contentUrl":"https:\/\/www.kialocosmetics.com\/wp-content\/uploads\/2024\/05\/kialo-logotipo-verde-rgb-1200px-w-72ppi.png","width":1200,"height":396,"caption":"Kialo"},"image":{"@id":"https:\/\/www.kialocosmetics.com\/#\/schema\/logo\/image\/"},"sameAs":["https:\/\/www.facebook.com\/profile.php?id=61558155237230&locale=es_LA","https:\/\/www.instagram.com\/kialocosmetics\/","https:\/\/www.pinterest.es\/kialocosmetics\/","https:\/\/www.tiktok.com\/@kialocosmetics"]}]}},"_links":{"self":[{"href":"https:\/\/www.kialocosmetics.com\/de\/wp-json\/wp\/v2\/product\/1980","targetHints":{"allow":["GET"]}}],"collection":[{"href":"https:\/\/www.kialocosmetics.com\/de\/wp-json\/wp\/v2\/product"}],"about":[{"href":"https:\/\/www.kialocosmetics.com\/de\/wp-json\/wp\/v2\/types\/product"}],"wp:featuredmedia":[{"embeddable":true,"href":"https:\/\/www.kialocosmetics.com\/de\/wp-json\/wp\/v2\/media\/1979"}],"wp:attachment":[{"href":"https:\/\/www.kialocosmetics.com\/de\/wp-json\/wp\/v2\/media?parent=1980"}],"wp:term":[{"taxonomy":"product_brand","embeddable":true,"href":"https:\/\/www.kialocosmetics.com\/de\/wp-json\/wp\/v2\/product_brand?post=1980"},{"taxonomy":"product_cat","embeddable":true,"href":"https:\/\/www.kialocosmetics.com\/de\/wp-json\/wp\/v2\/product_cat?post=1980"},{"taxonomy":"product_tag","embeddable":true,"href":"https:\/\/www.kialocosmetics.com\/de\/wp-json\/wp\/v2\/product_tag?post=1980"}],"curies":[{"name":"wp","href":"https:\/\/api.w.org\/{rel}","templated":true}]}}