{"id":2101,"date":"2025-03-26T17:32:56","date_gmt":"2025-03-26T16:32:56","guid":{"rendered":"https:\/\/www.kialocosmetics.com\/?post_type=product&#038;p=2101"},"modified":"2025-08-21T09:56:24","modified_gmt":"2025-08-21T07:56:24","slug":"artemisa-korpergel","status":"publish","type":"product","link":"https:\/\/www.kialocosmetics.com\/de\/producto\/artemisa-korpergel\/","title":{"rendered":"Artemisa K\u00f6rpergel"},"content":{"rendered":"<p class=\"p2\"><strong>Sanftheit und Schutz f\u00fcr empfindliche Haut<\/strong><\/p>\n<p>Inspiriert von der G\u00f6ttin Artemisa, die f\u00fcr den Schutz der Natur und der Reinheit steht, haben wir dieses K\u00f6rpergel f\u00fcr all jene entwickelt, die einen extra Schutz brauchen, besonders f\u00fcr empfindliche und reaktive Haut. Ideal f\u00fcr Kinder und Erwachsene mit empfindlicher Haut, Psoriasis oder Neigung zu Reizungen, ist <strong>Artemisa<\/strong> der perfekte Begleiter, um die Haut sauber, weich und gen\u00e4hrt zu halten, ohne sie zu sch\u00e4digen.<\/p>\n<p>Ihre Formel, reich an nat\u00fcrlichen Inhaltsstoffen, umarmt die Seele und beruhigt die Haut.<\/p>\n","protected":false},"excerpt":{"rendered":"<p>Sanftheit und Schutz f\u00fcr empfindliche Haut Inspiriert von der G\u00f6ttin Artemisa, die f\u00fcr den Schutz der Natur und der Reinheit steht, haben wir dieses K\u00f6rpergel f\u00fcr all jene entwickelt, die einen extra Schutz brauchen, besonders f\u00fcr empfindliche und reaktive Haut. Ideal f\u00fcr Kinder und Erwachsene mit empfindlicher Haut, Psoriasis oder Neigung zu Reizungen, ist Artemisa [&hellip;]<\/p>\n","protected":false},"featured_media":2105,"template":"","meta":{"_acf_changed":false},"product_brand":[],"product_cat":[76],"product_tag":[],"class_list":{"0":"post-2101","1":"product","2":"type-product","3":"status-publish","4":"has-post-thumbnail","6":"product_cat-kids-de","8":"first","9":"instock","10":"taxable","11":"shipping-taxable","12":"purchasable","13":"product-type-simple"},"acf":[],"yoast_head":"<!-- This site is optimized with the Yoast SEO plugin v27.5 - https:\/\/yoast.com\/product\/yoast-seo-wordpress\/ -->\n<title>Artemisa K\u00f6rpergel - Kialo<\/title>\n<meta name=\"robots\" content=\"index, follow, max-snippet:-1, max-image-preview:large, max-video-preview:-1\" \/>\n<link rel=\"canonical\" href=\"https:\/\/www.kialocosmetics.com\/producto\/gel-corporal-artemisa\/\" \/>\n<meta property=\"og:locale\" content=\"de_DE\" \/>\n<meta property=\"og:type\" content=\"article\" \/>\n<meta property=\"og:title\" content=\"Artemisa K\u00f6rpergel - Kialo\" \/>\n<meta property=\"og:description\" content=\"Sanftheit und Schutz f\u00fcr empfindliche Haut Inspiriert von der G\u00f6ttin Artemisa, die f\u00fcr den Schutz der Natur und der Reinheit steht, haben wir dieses K\u00f6rpergel f\u00fcr all jene entwickelt, die einen extra Schutz brauchen, besonders f\u00fcr empfindliche und reaktive Haut. Ideal f\u00fcr Kinder und Erwachsene mit empfindlicher Haut, Psoriasis oder Neigung zu Reizungen, ist Artemisa [&hellip;]\" \/>\n<meta property=\"og:url\" content=\"https:\/\/www.kialocosmetics.com\/producto\/gel-corporal-artemisa\/\" \/>\n<meta property=\"og:site_name\" content=\"Kialo\" \/>\n<meta property=\"article:publisher\" content=\"https:\/\/www.facebook.com\/profile.php?id=61558155237230&amp;locale=es_LA\" \/>\n<meta property=\"article:modified_time\" content=\"2025-08-21T07:56:24+00:00\" \/>\n<meta property=\"og:image\" content=\"https:\/\/www.kialocosmetics.com\/wp-content\/uploads\/2025\/03\/artemisa-gel-kid.jpeg\" \/>\n\t<meta property=\"og:image:width\" content=\"1600\" \/>\n\t<meta property=\"og:image:height\" content=\"1280\" \/>\n\t<meta property=\"og:image:type\" content=\"image\/jpeg\" \/>\n<meta name=\"twitter:card\" content=\"summary_large_image\" \/>\n<meta name=\"twitter:label1\" content=\"Gesch\u00e4tzte Lesezeit\" \/>\n\t<meta name=\"twitter:data1\" content=\"1\u00a0Minute\" \/>\n<script type=\"application\/ld+json\" class=\"yoast-schema-graph\">{\"@context\":\"https:\\\/\\\/schema.org\",\"@graph\":[{\"@type\":\"WebPage\",\"@id\":\"https:\\\/\\\/www.kialocosmetics.com\\\/producto\\\/gel-corporal-artemisa\\\/\",\"url\":\"https:\\\/\\\/www.kialocosmetics.com\\\/producto\\\/gel-corporal-artemisa\\\/\",\"name\":\"Artemisa K\u00f6rpergel - Kialo\",\"isPartOf\":{\"@id\":\"https:\\\/\\\/www.kialocosmetics.com\\\/#website\"},\"primaryImageOfPage\":{\"@id\":\"https:\\\/\\\/www.kialocosmetics.com\\\/producto\\\/gel-corporal-artemisa\\\/#primaryimage\"},\"image\":{\"@id\":\"https:\\\/\\\/www.kialocosmetics.com\\\/producto\\\/gel-corporal-artemisa\\\/#primaryimage\"},\"thumbnailUrl\":\"https:\\\/\\\/www.kialocosmetics.com\\\/wp-content\\\/uploads\\\/2025\\\/03\\\/artemisa-gel-kid.jpeg\",\"datePublished\":\"2025-03-26T16:32:56+00:00\",\"dateModified\":\"2025-08-21T07:56:24+00:00\",\"breadcrumb\":{\"@id\":\"https:\\\/\\\/www.kialocosmetics.com\\\/producto\\\/gel-corporal-artemisa\\\/#breadcrumb\"},\"inLanguage\":\"de\",\"potentialAction\":[{\"@type\":\"ReadAction\",\"target\":[\"https:\\\/\\\/www.kialocosmetics.com\\\/producto\\\/gel-corporal-artemisa\\\/\"]}]},{\"@type\":\"ImageObject\",\"inLanguage\":\"de\",\"@id\":\"https:\\\/\\\/www.kialocosmetics.com\\\/producto\\\/gel-corporal-artemisa\\\/#primaryimage\",\"url\":\"https:\\\/\\\/www.kialocosmetics.com\\\/wp-content\\\/uploads\\\/2025\\\/03\\\/artemisa-gel-kid.jpeg\",\"contentUrl\":\"https:\\\/\\\/www.kialocosmetics.com\\\/wp-content\\\/uploads\\\/2025\\\/03\\\/artemisa-gel-kid.jpeg\",\"width\":1600,\"height\":1280,\"caption\":\"Artemisa - Gel Kids\"},{\"@type\":\"BreadcrumbList\",\"@id\":\"https:\\\/\\\/www.kialocosmetics.com\\\/producto\\\/gel-corporal-artemisa\\\/#breadcrumb\",\"itemListElement\":[{\"@type\":\"ListItem\",\"position\":1,\"name\":\"Portada\",\"item\":\"https:\\\/\\\/www.kialocosmetics.com\\\/de\\\/\"},{\"@type\":\"ListItem\",\"position\":2,\"name\":\"Shop\",\"item\":\"https:\\\/\\\/www.kialocosmetics.com\\\/tienda\\\/\"},{\"@type\":\"ListItem\",\"position\":3,\"name\":\"Artemisa K\u00f6rpergel\"}]},{\"@type\":\"WebSite\",\"@id\":\"https:\\\/\\\/www.kialocosmetics.com\\\/#website\",\"url\":\"https:\\\/\\\/www.kialocosmetics.com\\\/\",\"name\":\"Kialo cosmetics\",\"description\":\"Cosm\u00e9tica honesta, naturalmente\",\"publisher\":{\"@id\":\"https:\\\/\\\/www.kialocosmetics.com\\\/#organization\"},\"alternateName\":\"Kialo\",\"potentialAction\":[{\"@type\":\"SearchAction\",\"target\":{\"@type\":\"EntryPoint\",\"urlTemplate\":\"https:\\\/\\\/www.kialocosmetics.com\\\/?s={search_term_string}\"},\"query-input\":{\"@type\":\"PropertyValueSpecification\",\"valueRequired\":true,\"valueName\":\"search_term_string\"}}],\"inLanguage\":\"de\"},{\"@type\":\"Organization\",\"@id\":\"https:\\\/\\\/www.kialocosmetics.com\\\/#organization\",\"name\":\"Kialo\",\"url\":\"https:\\\/\\\/www.kialocosmetics.com\\\/\",\"logo\":{\"@type\":\"ImageObject\",\"inLanguage\":\"de\",\"@id\":\"https:\\\/\\\/www.kialocosmetics.com\\\/#\\\/schema\\\/logo\\\/image\\\/\",\"url\":\"https:\\\/\\\/www.kialocosmetics.com\\\/wp-content\\\/uploads\\\/2024\\\/05\\\/kialo-logotipo-verde-rgb-1200px-w-72ppi.png\",\"contentUrl\":\"https:\\\/\\\/www.kialocosmetics.com\\\/wp-content\\\/uploads\\\/2024\\\/05\\\/kialo-logotipo-verde-rgb-1200px-w-72ppi.png\",\"width\":1200,\"height\":396,\"caption\":\"Kialo\"},\"image\":{\"@id\":\"https:\\\/\\\/www.kialocosmetics.com\\\/#\\\/schema\\\/logo\\\/image\\\/\"},\"sameAs\":[\"https:\\\/\\\/www.facebook.com\\\/profile.php?id=61558155237230&locale=es_LA\",\"https:\\\/\\\/www.instagram.com\\\/kialocosmetics\\\/\",\"https:\\\/\\\/www.pinterest.es\\\/kialocosmetics\\\/\",\"https:\\\/\\\/www.tiktok.com\\\/@kialocosmetics\"]}]}<\/script>\n<!-- \/ Yoast SEO plugin. -->","yoast_head_json":{"title":"Artemisa K\u00f6rpergel - Kialo","robots":{"index":"index","follow":"follow","max-snippet":"max-snippet:-1","max-image-preview":"max-image-preview:large","max-video-preview":"max-video-preview:-1"},"canonical":"https:\/\/www.kialocosmetics.com\/producto\/gel-corporal-artemisa\/","og_locale":"de_DE","og_type":"article","og_title":"Artemisa K\u00f6rpergel - Kialo","og_description":"Sanftheit und Schutz f\u00fcr empfindliche Haut Inspiriert von der G\u00f6ttin Artemisa, die f\u00fcr den Schutz der Natur und der Reinheit steht, haben wir dieses K\u00f6rpergel f\u00fcr all jene entwickelt, die einen extra Schutz brauchen, besonders f\u00fcr empfindliche und reaktive Haut. Ideal f\u00fcr Kinder und Erwachsene mit empfindlicher Haut, Psoriasis oder Neigung zu Reizungen, ist Artemisa [&hellip;]","og_url":"https:\/\/www.kialocosmetics.com\/producto\/gel-corporal-artemisa\/","og_site_name":"Kialo","article_publisher":"https:\/\/www.facebook.com\/profile.php?id=61558155237230&locale=es_LA","article_modified_time":"2025-08-21T07:56:24+00:00","og_image":[{"width":1600,"height":1280,"url":"https:\/\/www.kialocosmetics.com\/wp-content\/uploads\/2025\/03\/artemisa-gel-kid.jpeg","type":"image\/jpeg"}],"twitter_card":"summary_large_image","twitter_misc":{"Gesch\u00e4tzte Lesezeit":"1\u00a0Minute"},"schema":{"@context":"https:\/\/schema.org","@graph":[{"@type":"WebPage","@id":"https:\/\/www.kialocosmetics.com\/producto\/gel-corporal-artemisa\/","url":"https:\/\/www.kialocosmetics.com\/producto\/gel-corporal-artemisa\/","name":"Artemisa K\u00f6rpergel - Kialo","isPartOf":{"@id":"https:\/\/www.kialocosmetics.com\/#website"},"primaryImageOfPage":{"@id":"https:\/\/www.kialocosmetics.com\/producto\/gel-corporal-artemisa\/#primaryimage"},"image":{"@id":"https:\/\/www.kialocosmetics.com\/producto\/gel-corporal-artemisa\/#primaryimage"},"thumbnailUrl":"https:\/\/www.kialocosmetics.com\/wp-content\/uploads\/2025\/03\/artemisa-gel-kid.jpeg","datePublished":"2025-03-26T16:32:56+00:00","dateModified":"2025-08-21T07:56:24+00:00","breadcrumb":{"@id":"https:\/\/www.kialocosmetics.com\/producto\/gel-corporal-artemisa\/#breadcrumb"},"inLanguage":"de","potentialAction":[{"@type":"ReadAction","target":["https:\/\/www.kialocosmetics.com\/producto\/gel-corporal-artemisa\/"]}]},{"@type":"ImageObject","inLanguage":"de","@id":"https:\/\/www.kialocosmetics.com\/producto\/gel-corporal-artemisa\/#primaryimage","url":"https:\/\/www.kialocosmetics.com\/wp-content\/uploads\/2025\/03\/artemisa-gel-kid.jpeg","contentUrl":"https:\/\/www.kialocosmetics.com\/wp-content\/uploads\/2025\/03\/artemisa-gel-kid.jpeg","width":1600,"height":1280,"caption":"Artemisa - Gel Kids"},{"@type":"BreadcrumbList","@id":"https:\/\/www.kialocosmetics.com\/producto\/gel-corporal-artemisa\/#breadcrumb","itemListElement":[{"@type":"ListItem","position":1,"name":"Portada","item":"https:\/\/www.kialocosmetics.com\/de\/"},{"@type":"ListItem","position":2,"name":"Shop","item":"https:\/\/www.kialocosmetics.com\/tienda\/"},{"@type":"ListItem","position":3,"name":"Artemisa K\u00f6rpergel"}]},{"@type":"WebSite","@id":"https:\/\/www.kialocosmetics.com\/#website","url":"https:\/\/www.kialocosmetics.com\/","name":"Kialo cosmetics","description":"Cosm\u00e9tica honesta, naturalmente","publisher":{"@id":"https:\/\/www.kialocosmetics.com\/#organization"},"alternateName":"Kialo","potentialAction":[{"@type":"SearchAction","target":{"@type":"EntryPoint","urlTemplate":"https:\/\/www.kialocosmetics.com\/?s={search_term_string}"},"query-input":{"@type":"PropertyValueSpecification","valueRequired":true,"valueName":"search_term_string"}}],"inLanguage":"de"},{"@type":"Organization","@id":"https:\/\/www.kialocosmetics.com\/#organization","name":"Kialo","url":"https:\/\/www.kialocosmetics.com\/","logo":{"@type":"ImageObject","inLanguage":"de","@id":"https:\/\/www.kialocosmetics.com\/#\/schema\/logo\/image\/","url":"https:\/\/www.kialocosmetics.com\/wp-content\/uploads\/2024\/05\/kialo-logotipo-verde-rgb-1200px-w-72ppi.png","contentUrl":"https:\/\/www.kialocosmetics.com\/wp-content\/uploads\/2024\/05\/kialo-logotipo-verde-rgb-1200px-w-72ppi.png","width":1200,"height":396,"caption":"Kialo"},"image":{"@id":"https:\/\/www.kialocosmetics.com\/#\/schema\/logo\/image\/"},"sameAs":["https:\/\/www.facebook.com\/profile.php?id=61558155237230&locale=es_LA","https:\/\/www.instagram.com\/kialocosmetics\/","https:\/\/www.pinterest.es\/kialocosmetics\/","https:\/\/www.tiktok.com\/@kialocosmetics"]}]}},"_links":{"self":[{"href":"https:\/\/www.kialocosmetics.com\/de\/wp-json\/wp\/v2\/product\/2101","targetHints":{"allow":["GET"]}}],"collection":[{"href":"https:\/\/www.kialocosmetics.com\/de\/wp-json\/wp\/v2\/product"}],"about":[{"href":"https:\/\/www.kialocosmetics.com\/de\/wp-json\/wp\/v2\/types\/product"}],"wp:featuredmedia":[{"embeddable":true,"href":"https:\/\/www.kialocosmetics.com\/de\/wp-json\/wp\/v2\/media\/2105"}],"wp:attachment":[{"href":"https:\/\/www.kialocosmetics.com\/de\/wp-json\/wp\/v2\/media?parent=2101"}],"wp:term":[{"taxonomy":"product_brand","embeddable":true,"href":"https:\/\/www.kialocosmetics.com\/de\/wp-json\/wp\/v2\/product_brand?post=2101"},{"taxonomy":"product_cat","embeddable":true,"href":"https:\/\/www.kialocosmetics.com\/de\/wp-json\/wp\/v2\/product_cat?post=2101"},{"taxonomy":"product_tag","embeddable":true,"href":"https:\/\/www.kialocosmetics.com\/de\/wp-json\/wp\/v2\/product_tag?post=2101"}],"curies":[{"name":"wp","href":"https:\/\/api.w.org\/{rel}","templated":true}]}}