{"id":2109,"date":"2025-03-26T17:31:02","date_gmt":"2025-03-26T16:31:02","guid":{"rendered":"https:\/\/www.kialocosmetics.com\/?post_type=product&#038;p=2109"},"modified":"2026-02-01T09:44:47","modified_gmt":"2026-02-01T08:44:47","slug":"festes-kinder-shampoo-artemisa","status":"publish","type":"product","link":"https:\/\/www.kialocosmetics.com\/de\/producto\/festes-kinder-shampoo-artemisa\/","title":{"rendered":"Festes Kinder-Shampoo Artemisa"},"content":{"rendered":"<p class=\"p2\"><strong>Sanfte Pflege und Schutz f\u00fcr kleine Entdecker <\/strong><\/p>\n<p>Seit jeher gilt <strong>Artemisa<\/strong> als <em>H\u00fcterin<\/em> der <strong><em>Natur<\/em><\/strong> und <em>Besch\u00fctzerin<\/em> von Frauen und <strong><em>Kindern<\/em><\/strong>. Frei, mutig und in vollkommener Harmonie mit der Welt um sie herum \u2013 ihr Geist lebt in jedem Winkel des Waldes und in jedem Tautropfen, der sanft auf den Bl\u00e4ttern ruht.<\/p>\n<p>Inspiriert von ihrer Essenz haben wir Artemisa geschaffen \u2013 ein festes Shampoo, das mit ebenso viel Liebe und Respekt f\u00fcr die Kindheit und die Natur entwickelt wurde.<\/p>\n<p>Weil das <strong>Haar der<\/strong> <strong>Kleinsten nur das Beste verdient<\/strong>, ist Artemisa ein <em>sanftes, sch\u00fctzendes<\/em> Shampoo, das mit nat\u00fcrlichen Inhaltsstoffen reinigt, ohne das empfindliche Gleichgewicht der Kopfhaut zu st\u00f6ren. Sein leichter, cremiger Schaum umh\u00fcllt jede Haarstr\u00e4hne wie ein Hauch von Wald und hinterl\u00e4sst das Haar sauber, seidig und leicht k\u00e4mmbar.<\/p>\n","protected":false},"excerpt":{"rendered":"<p>Sanfte Pflege und Schutz f\u00fcr kleine Entdecker Seit jeher gilt Artemisa als H\u00fcterin der Natur und Besch\u00fctzerin von Frauen und Kindern. Frei, mutig und in vollkommener Harmonie mit der Welt um sie herum \u2013 ihr Geist lebt in jedem Winkel des Waldes und in jedem Tautropfen, der sanft auf den Bl\u00e4ttern ruht. Inspiriert von ihrer [&hellip;]<\/p>\n","protected":false},"featured_media":2124,"template":"","meta":{"_acf_changed":false},"product_brand":[],"product_cat":[76],"product_tag":[],"class_list":{"0":"post-2109","1":"product","2":"type-product","3":"status-publish","4":"has-post-thumbnail","6":"product_cat-kids-de","8":"first","9":"instock","10":"taxable","11":"shipping-taxable","12":"purchasable","13":"product-type-simple"},"acf":[],"yoast_head":"<!-- This site is optimized with the Yoast SEO plugin v27.5 - https:\/\/yoast.com\/product\/yoast-seo-wordpress\/ -->\n<title>Festes Kinder-Shampoo Artemisa - Kialo<\/title>\n<meta name=\"robots\" content=\"index, follow, max-snippet:-1, max-image-preview:large, max-video-preview:-1\" \/>\n<link rel=\"canonical\" href=\"https:\/\/www.kialocosmetics.com\/de\/producto\/festes-kinder-shampoo-artemisa\/\" \/>\n<meta property=\"og:locale\" content=\"de_DE\" \/>\n<meta property=\"og:type\" content=\"article\" \/>\n<meta property=\"og:title\" content=\"Festes Kinder-Shampoo Artemisa - Kialo\" \/>\n<meta property=\"og:description\" content=\"Sanfte Pflege und Schutz f\u00fcr kleine Entdecker Seit jeher gilt Artemisa als H\u00fcterin der Natur und Besch\u00fctzerin von Frauen und Kindern. Frei, mutig und in vollkommener Harmonie mit der Welt um sie herum \u2013 ihr Geist lebt in jedem Winkel des Waldes und in jedem Tautropfen, der sanft auf den Bl\u00e4ttern ruht. Inspiriert von ihrer [&hellip;]\" \/>\n<meta property=\"og:url\" content=\"https:\/\/www.kialocosmetics.com\/de\/producto\/festes-kinder-shampoo-artemisa\/\" \/>\n<meta property=\"og:site_name\" content=\"Kialo\" \/>\n<meta property=\"article:publisher\" content=\"https:\/\/www.facebook.com\/profile.php?id=61558155237230&amp;locale=es_LA\" \/>\n<meta property=\"article:modified_time\" content=\"2026-02-01T08:44:47+00:00\" \/>\n<meta property=\"og:image\" content=\"https:\/\/www.kialocosmetics.com\/wp-content\/uploads\/2025\/03\/artemisa-champu-kids.jpg\" \/>\n\t<meta property=\"og:image:width\" content=\"1200\" \/>\n\t<meta property=\"og:image:height\" content=\"1200\" \/>\n\t<meta property=\"og:image:type\" content=\"image\/jpeg\" \/>\n<meta name=\"twitter:card\" content=\"summary_large_image\" \/>\n<meta name=\"twitter:label1\" content=\"Gesch\u00e4tzte Lesezeit\" \/>\n\t<meta name=\"twitter:data1\" content=\"1\u00a0Minute\" \/>\n<script type=\"application\/ld+json\" class=\"yoast-schema-graph\">{\"@context\":\"https:\\\/\\\/schema.org\",\"@graph\":[{\"@type\":\"WebPage\",\"@id\":\"https:\\\/\\\/www.kialocosmetics.com\\\/de\\\/producto\\\/festes-kinder-shampoo-artemisa\\\/\",\"url\":\"https:\\\/\\\/www.kialocosmetics.com\\\/de\\\/producto\\\/festes-kinder-shampoo-artemisa\\\/\",\"name\":\"Festes Kinder-Shampoo Artemisa - Kialo\",\"isPartOf\":{\"@id\":\"https:\\\/\\\/www.kialocosmetics.com\\\/#website\"},\"primaryImageOfPage\":{\"@id\":\"https:\\\/\\\/www.kialocosmetics.com\\\/de\\\/producto\\\/festes-kinder-shampoo-artemisa\\\/#primaryimage\"},\"image\":{\"@id\":\"https:\\\/\\\/www.kialocosmetics.com\\\/de\\\/producto\\\/festes-kinder-shampoo-artemisa\\\/#primaryimage\"},\"thumbnailUrl\":\"https:\\\/\\\/www.kialocosmetics.com\\\/wp-content\\\/uploads\\\/2025\\\/03\\\/artemisa-champu-kids.jpg\",\"datePublished\":\"2025-03-26T16:31:02+00:00\",\"dateModified\":\"2026-02-01T08:44:47+00:00\",\"breadcrumb\":{\"@id\":\"https:\\\/\\\/www.kialocosmetics.com\\\/de\\\/producto\\\/festes-kinder-shampoo-artemisa\\\/#breadcrumb\"},\"inLanguage\":\"de\",\"potentialAction\":[{\"@type\":\"ReadAction\",\"target\":[\"https:\\\/\\\/www.kialocosmetics.com\\\/de\\\/producto\\\/festes-kinder-shampoo-artemisa\\\/\"]}]},{\"@type\":\"ImageObject\",\"inLanguage\":\"de\",\"@id\":\"https:\\\/\\\/www.kialocosmetics.com\\\/de\\\/producto\\\/festes-kinder-shampoo-artemisa\\\/#primaryimage\",\"url\":\"https:\\\/\\\/www.kialocosmetics.com\\\/wp-content\\\/uploads\\\/2025\\\/03\\\/artemisa-champu-kids.jpg\",\"contentUrl\":\"https:\\\/\\\/www.kialocosmetics.com\\\/wp-content\\\/uploads\\\/2025\\\/03\\\/artemisa-champu-kids.jpg\",\"width\":1200,\"height\":1200,\"caption\":\"Champ\u00fa Infantil S\u00f3lido ARTEMISA\"},{\"@type\":\"BreadcrumbList\",\"@id\":\"https:\\\/\\\/www.kialocosmetics.com\\\/de\\\/producto\\\/festes-kinder-shampoo-artemisa\\\/#breadcrumb\",\"itemListElement\":[{\"@type\":\"ListItem\",\"position\":1,\"name\":\"Portada\",\"item\":\"https:\\\/\\\/www.kialocosmetics.com\\\/de\\\/\"},{\"@type\":\"ListItem\",\"position\":2,\"name\":\"Shop\",\"item\":\"https:\\\/\\\/www.kialocosmetics.com\\\/tienda\\\/\"},{\"@type\":\"ListItem\",\"position\":3,\"name\":\"Festes Kinder-Shampoo Artemisa\"}]},{\"@type\":\"WebSite\",\"@id\":\"https:\\\/\\\/www.kialocosmetics.com\\\/#website\",\"url\":\"https:\\\/\\\/www.kialocosmetics.com\\\/\",\"name\":\"Kialo cosmetics\",\"description\":\"Cosm\u00e9tica honesta, naturalmente\",\"publisher\":{\"@id\":\"https:\\\/\\\/www.kialocosmetics.com\\\/#organization\"},\"alternateName\":\"Kialo\",\"potentialAction\":[{\"@type\":\"SearchAction\",\"target\":{\"@type\":\"EntryPoint\",\"urlTemplate\":\"https:\\\/\\\/www.kialocosmetics.com\\\/?s={search_term_string}\"},\"query-input\":{\"@type\":\"PropertyValueSpecification\",\"valueRequired\":true,\"valueName\":\"search_term_string\"}}],\"inLanguage\":\"de\"},{\"@type\":\"Organization\",\"@id\":\"https:\\\/\\\/www.kialocosmetics.com\\\/#organization\",\"name\":\"Kialo\",\"url\":\"https:\\\/\\\/www.kialocosmetics.com\\\/\",\"logo\":{\"@type\":\"ImageObject\",\"inLanguage\":\"de\",\"@id\":\"https:\\\/\\\/www.kialocosmetics.com\\\/#\\\/schema\\\/logo\\\/image\\\/\",\"url\":\"https:\\\/\\\/www.kialocosmetics.com\\\/wp-content\\\/uploads\\\/2024\\\/05\\\/kialo-logotipo-verde-rgb-1200px-w-72ppi.png\",\"contentUrl\":\"https:\\\/\\\/www.kialocosmetics.com\\\/wp-content\\\/uploads\\\/2024\\\/05\\\/kialo-logotipo-verde-rgb-1200px-w-72ppi.png\",\"width\":1200,\"height\":396,\"caption\":\"Kialo\"},\"image\":{\"@id\":\"https:\\\/\\\/www.kialocosmetics.com\\\/#\\\/schema\\\/logo\\\/image\\\/\"},\"sameAs\":[\"https:\\\/\\\/www.facebook.com\\\/profile.php?id=61558155237230&locale=es_LA\",\"https:\\\/\\\/www.instagram.com\\\/kialocosmetics\\\/\",\"https:\\\/\\\/www.pinterest.es\\\/kialocosmetics\\\/\",\"https:\\\/\\\/www.tiktok.com\\\/@kialocosmetics\"]}]}<\/script>\n<!-- \/ Yoast SEO plugin. -->","yoast_head_json":{"title":"Festes Kinder-Shampoo Artemisa - Kialo","robots":{"index":"index","follow":"follow","max-snippet":"max-snippet:-1","max-image-preview":"max-image-preview:large","max-video-preview":"max-video-preview:-1"},"canonical":"https:\/\/www.kialocosmetics.com\/de\/producto\/festes-kinder-shampoo-artemisa\/","og_locale":"de_DE","og_type":"article","og_title":"Festes Kinder-Shampoo Artemisa - Kialo","og_description":"Sanfte Pflege und Schutz f\u00fcr kleine Entdecker Seit jeher gilt Artemisa als H\u00fcterin der Natur und Besch\u00fctzerin von Frauen und Kindern. Frei, mutig und in vollkommener Harmonie mit der Welt um sie herum \u2013 ihr Geist lebt in jedem Winkel des Waldes und in jedem Tautropfen, der sanft auf den Bl\u00e4ttern ruht. Inspiriert von ihrer [&hellip;]","og_url":"https:\/\/www.kialocosmetics.com\/de\/producto\/festes-kinder-shampoo-artemisa\/","og_site_name":"Kialo","article_publisher":"https:\/\/www.facebook.com\/profile.php?id=61558155237230&locale=es_LA","article_modified_time":"2026-02-01T08:44:47+00:00","og_image":[{"width":1200,"height":1200,"url":"https:\/\/www.kialocosmetics.com\/wp-content\/uploads\/2025\/03\/artemisa-champu-kids.jpg","type":"image\/jpeg"}],"twitter_card":"summary_large_image","twitter_misc":{"Gesch\u00e4tzte Lesezeit":"1\u00a0Minute"},"schema":{"@context":"https:\/\/schema.org","@graph":[{"@type":"WebPage","@id":"https:\/\/www.kialocosmetics.com\/de\/producto\/festes-kinder-shampoo-artemisa\/","url":"https:\/\/www.kialocosmetics.com\/de\/producto\/festes-kinder-shampoo-artemisa\/","name":"Festes Kinder-Shampoo Artemisa - Kialo","isPartOf":{"@id":"https:\/\/www.kialocosmetics.com\/#website"},"primaryImageOfPage":{"@id":"https:\/\/www.kialocosmetics.com\/de\/producto\/festes-kinder-shampoo-artemisa\/#primaryimage"},"image":{"@id":"https:\/\/www.kialocosmetics.com\/de\/producto\/festes-kinder-shampoo-artemisa\/#primaryimage"},"thumbnailUrl":"https:\/\/www.kialocosmetics.com\/wp-content\/uploads\/2025\/03\/artemisa-champu-kids.jpg","datePublished":"2025-03-26T16:31:02+00:00","dateModified":"2026-02-01T08:44:47+00:00","breadcrumb":{"@id":"https:\/\/www.kialocosmetics.com\/de\/producto\/festes-kinder-shampoo-artemisa\/#breadcrumb"},"inLanguage":"de","potentialAction":[{"@type":"ReadAction","target":["https:\/\/www.kialocosmetics.com\/de\/producto\/festes-kinder-shampoo-artemisa\/"]}]},{"@type":"ImageObject","inLanguage":"de","@id":"https:\/\/www.kialocosmetics.com\/de\/producto\/festes-kinder-shampoo-artemisa\/#primaryimage","url":"https:\/\/www.kialocosmetics.com\/wp-content\/uploads\/2025\/03\/artemisa-champu-kids.jpg","contentUrl":"https:\/\/www.kialocosmetics.com\/wp-content\/uploads\/2025\/03\/artemisa-champu-kids.jpg","width":1200,"height":1200,"caption":"Champ\u00fa Infantil S\u00f3lido ARTEMISA"},{"@type":"BreadcrumbList","@id":"https:\/\/www.kialocosmetics.com\/de\/producto\/festes-kinder-shampoo-artemisa\/#breadcrumb","itemListElement":[{"@type":"ListItem","position":1,"name":"Portada","item":"https:\/\/www.kialocosmetics.com\/de\/"},{"@type":"ListItem","position":2,"name":"Shop","item":"https:\/\/www.kialocosmetics.com\/tienda\/"},{"@type":"ListItem","position":3,"name":"Festes Kinder-Shampoo Artemisa"}]},{"@type":"WebSite","@id":"https:\/\/www.kialocosmetics.com\/#website","url":"https:\/\/www.kialocosmetics.com\/","name":"Kialo cosmetics","description":"Cosm\u00e9tica honesta, naturalmente","publisher":{"@id":"https:\/\/www.kialocosmetics.com\/#organization"},"alternateName":"Kialo","potentialAction":[{"@type":"SearchAction","target":{"@type":"EntryPoint","urlTemplate":"https:\/\/www.kialocosmetics.com\/?s={search_term_string}"},"query-input":{"@type":"PropertyValueSpecification","valueRequired":true,"valueName":"search_term_string"}}],"inLanguage":"de"},{"@type":"Organization","@id":"https:\/\/www.kialocosmetics.com\/#organization","name":"Kialo","url":"https:\/\/www.kialocosmetics.com\/","logo":{"@type":"ImageObject","inLanguage":"de","@id":"https:\/\/www.kialocosmetics.com\/#\/schema\/logo\/image\/","url":"https:\/\/www.kialocosmetics.com\/wp-content\/uploads\/2024\/05\/kialo-logotipo-verde-rgb-1200px-w-72ppi.png","contentUrl":"https:\/\/www.kialocosmetics.com\/wp-content\/uploads\/2024\/05\/kialo-logotipo-verde-rgb-1200px-w-72ppi.png","width":1200,"height":396,"caption":"Kialo"},"image":{"@id":"https:\/\/www.kialocosmetics.com\/#\/schema\/logo\/image\/"},"sameAs":["https:\/\/www.facebook.com\/profile.php?id=61558155237230&locale=es_LA","https:\/\/www.instagram.com\/kialocosmetics\/","https:\/\/www.pinterest.es\/kialocosmetics\/","https:\/\/www.tiktok.com\/@kialocosmetics"]}]}},"_links":{"self":[{"href":"https:\/\/www.kialocosmetics.com\/de\/wp-json\/wp\/v2\/product\/2109","targetHints":{"allow":["GET"]}}],"collection":[{"href":"https:\/\/www.kialocosmetics.com\/de\/wp-json\/wp\/v2\/product"}],"about":[{"href":"https:\/\/www.kialocosmetics.com\/de\/wp-json\/wp\/v2\/types\/product"}],"wp:featuredmedia":[{"embeddable":true,"href":"https:\/\/www.kialocosmetics.com\/de\/wp-json\/wp\/v2\/media\/2124"}],"wp:attachment":[{"href":"https:\/\/www.kialocosmetics.com\/de\/wp-json\/wp\/v2\/media?parent=2109"}],"wp:term":[{"taxonomy":"product_brand","embeddable":true,"href":"https:\/\/www.kialocosmetics.com\/de\/wp-json\/wp\/v2\/product_brand?post=2109"},{"taxonomy":"product_cat","embeddable":true,"href":"https:\/\/www.kialocosmetics.com\/de\/wp-json\/wp\/v2\/product_cat?post=2109"},{"taxonomy":"product_tag","embeddable":true,"href":"https:\/\/www.kialocosmetics.com\/de\/wp-json\/wp\/v2\/product_tag?post=2109"}],"curies":[{"name":"wp","href":"https:\/\/api.w.org\/{rel}","templated":true}]}}