{"id":2115,"date":"2025-03-26T17:45:56","date_gmt":"2025-03-26T16:45:56","guid":{"rendered":"https:\/\/www.kialocosmetics.com\/?post_type=product&#038;p=2115"},"modified":"2025-08-21T09:56:24","modified_gmt":"2025-08-21T07:56:24","slug":"festes-duschgel-temis","status":"publish","type":"product","link":"https:\/\/www.kialocosmetics.com\/de\/producto\/festes-duschgel-temis\/","title":{"rendered":"Festes Duschgel Temis"},"content":{"rendered":"<p><strong>GLEICHGEWICHT UND SCHUTZ F\u00dcR DEINE HAUT<\/strong><\/p>\n<p>Inspiriert von der G\u00f6ttin der Gerechtigkeit und Ordnung im Kosmos, ist <strong>Temis<\/strong> eine nat\u00fcrliche Seife, die deine <em>Haut<\/em> mit einer <em>Synergie<\/em> aus edlen und sorgf\u00e4ltig ausgew\u00e4hlten Inhaltsstoffen ins Gleichgewicht bringt und sch\u00fctzt. Ihre vegane Formel kombiniert pflanzliche \u00d6le und Butter mit botanischen Extrakten, um eine gr\u00fcndliche Reinigung zu bieten, ohne die Haut auszutrocknen \u2013 f\u00fcr ein unvergleichliches Gef\u00fchl von Komfort und Geschmeidigkeit.<\/p>\n<p>Entdecke das perfekte Gleichgewicht mit <strong>Temis<\/strong> \u2013 eine Seife, die deine Haut mit der gleichen Weisheit und Harmonie pflegt wie die G\u00f6ttin, die ihr ihren Namen gibt.<\/p>\n<p>Verpflichtung gegen\u00fcber deiner Haut und der Umwelt:<\/p>\n<ul>\n<li>100 % nat\u00fcrlich &amp; vegan<\/li>\n<li>Frei von Konservierungsstoffen, Farbstoffen und synthetischen Duftstoffen<\/li>\n<li>Biologisch abbaubar &amp; umweltfreundlich<\/li>\n<\/ul>\n","protected":false},"excerpt":{"rendered":"<p>GLEICHGEWICHT UND SCHUTZ F\u00dcR DEINE HAUT Inspiriert von der G\u00f6ttin der Gerechtigkeit und Ordnung im Kosmos, ist Temis eine nat\u00fcrliche Seife, die deine Haut mit einer Synergie aus edlen und sorgf\u00e4ltig ausgew\u00e4hlten Inhaltsstoffen ins Gleichgewicht bringt und sch\u00fctzt. Ihre vegane Formel kombiniert pflanzliche \u00d6le und Butter mit botanischen Extrakten, um eine gr\u00fcndliche Reinigung zu bieten, [&hellip;]<\/p>\n","protected":false},"featured_media":2117,"template":"","meta":{"_acf_changed":false},"product_brand":[],"product_cat":[78],"product_tag":[],"class_list":{"0":"post-2115","1":"product","2":"type-product","3":"status-publish","4":"has-post-thumbnail","6":"product_cat-festes-duschgel","8":"first","9":"instock","10":"taxable","11":"shipping-taxable","12":"purchasable","13":"product-type-simple"},"acf":[],"yoast_head":"<!-- This site is optimized with the Yoast SEO plugin v27.5 - https:\/\/yoast.com\/product\/yoast-seo-wordpress\/ -->\n<title>Festes Duschgel Temis - Kialo<\/title>\n<meta name=\"robots\" content=\"index, follow, max-snippet:-1, max-image-preview:large, max-video-preview:-1\" \/>\n<link rel=\"canonical\" href=\"https:\/\/www.kialocosmetics.com\/de\/producto\/festes-duschgel-temis\/\" \/>\n<meta property=\"og:locale\" content=\"de_DE\" \/>\n<meta property=\"og:type\" content=\"article\" \/>\n<meta property=\"og:title\" content=\"Festes Duschgel Temis - Kialo\" \/>\n<meta property=\"og:description\" content=\"GLEICHGEWICHT UND SCHUTZ F\u00dcR DEINE HAUT Inspiriert von der G\u00f6ttin der Gerechtigkeit und Ordnung im Kosmos, ist Temis eine nat\u00fcrliche Seife, die deine Haut mit einer Synergie aus edlen und sorgf\u00e4ltig ausgew\u00e4hlten Inhaltsstoffen ins Gleichgewicht bringt und sch\u00fctzt. Ihre vegane Formel kombiniert pflanzliche \u00d6le und Butter mit botanischen Extrakten, um eine gr\u00fcndliche Reinigung zu bieten, [&hellip;]\" \/>\n<meta property=\"og:url\" content=\"https:\/\/www.kialocosmetics.com\/de\/producto\/festes-duschgel-temis\/\" \/>\n<meta property=\"og:site_name\" content=\"Kialo\" \/>\n<meta property=\"article:publisher\" content=\"https:\/\/www.facebook.com\/profile.php?id=61558155237230&amp;locale=es_LA\" \/>\n<meta property=\"article:modified_time\" content=\"2025-08-21T07:56:24+00:00\" \/>\n<meta property=\"og:image\" content=\"https:\/\/www.kialocosmetics.com\/wp-content\/uploads\/2025\/03\/temis-gel-adulto.jpeg\" \/>\n\t<meta property=\"og:image:width\" content=\"1600\" \/>\n\t<meta property=\"og:image:height\" content=\"1330\" \/>\n\t<meta property=\"og:image:type\" content=\"image\/jpeg\" \/>\n<meta name=\"twitter:card\" content=\"summary_large_image\" \/>\n<meta name=\"twitter:label1\" content=\"Gesch\u00e4tzte Lesezeit\" \/>\n\t<meta name=\"twitter:data1\" content=\"1\u00a0Minute\" \/>\n<script type=\"application\/ld+json\" class=\"yoast-schema-graph\">{\"@context\":\"https:\\\/\\\/schema.org\",\"@graph\":[{\"@type\":\"WebPage\",\"@id\":\"https:\\\/\\\/www.kialocosmetics.com\\\/de\\\/producto\\\/festes-duschgel-temis\\\/\",\"url\":\"https:\\\/\\\/www.kialocosmetics.com\\\/de\\\/producto\\\/festes-duschgel-temis\\\/\",\"name\":\"Festes Duschgel Temis - Kialo\",\"isPartOf\":{\"@id\":\"https:\\\/\\\/www.kialocosmetics.com\\\/#website\"},\"primaryImageOfPage\":{\"@id\":\"https:\\\/\\\/www.kialocosmetics.com\\\/de\\\/producto\\\/festes-duschgel-temis\\\/#primaryimage\"},\"image\":{\"@id\":\"https:\\\/\\\/www.kialocosmetics.com\\\/de\\\/producto\\\/festes-duschgel-temis\\\/#primaryimage\"},\"thumbnailUrl\":\"https:\\\/\\\/www.kialocosmetics.com\\\/wp-content\\\/uploads\\\/2025\\\/03\\\/temis-gel-adulto.jpeg\",\"datePublished\":\"2025-03-26T16:45:56+00:00\",\"dateModified\":\"2025-08-21T07:56:24+00:00\",\"breadcrumb\":{\"@id\":\"https:\\\/\\\/www.kialocosmetics.com\\\/de\\\/producto\\\/festes-duschgel-temis\\\/#breadcrumb\"},\"inLanguage\":\"de\",\"potentialAction\":[{\"@type\":\"ReadAction\",\"target\":[\"https:\\\/\\\/www.kialocosmetics.com\\\/de\\\/producto\\\/festes-duschgel-temis\\\/\"]}]},{\"@type\":\"ImageObject\",\"inLanguage\":\"de\",\"@id\":\"https:\\\/\\\/www.kialocosmetics.com\\\/de\\\/producto\\\/festes-duschgel-temis\\\/#primaryimage\",\"url\":\"https:\\\/\\\/www.kialocosmetics.com\\\/wp-content\\\/uploads\\\/2025\\\/03\\\/temis-gel-adulto.jpeg\",\"contentUrl\":\"https:\\\/\\\/www.kialocosmetics.com\\\/wp-content\\\/uploads\\\/2025\\\/03\\\/temis-gel-adulto.jpeg\",\"width\":1600,\"height\":1330,\"caption\":\"Gel adulto Temis\"},{\"@type\":\"BreadcrumbList\",\"@id\":\"https:\\\/\\\/www.kialocosmetics.com\\\/de\\\/producto\\\/festes-duschgel-temis\\\/#breadcrumb\",\"itemListElement\":[{\"@type\":\"ListItem\",\"position\":1,\"name\":\"Portada\",\"item\":\"https:\\\/\\\/www.kialocosmetics.com\\\/de\\\/\"},{\"@type\":\"ListItem\",\"position\":2,\"name\":\"Shop\",\"item\":\"https:\\\/\\\/www.kialocosmetics.com\\\/tienda\\\/\"},{\"@type\":\"ListItem\",\"position\":3,\"name\":\"Festes Duschgel Temis\"}]},{\"@type\":\"WebSite\",\"@id\":\"https:\\\/\\\/www.kialocosmetics.com\\\/#website\",\"url\":\"https:\\\/\\\/www.kialocosmetics.com\\\/\",\"name\":\"Kialo cosmetics\",\"description\":\"Cosm\u00e9tica honesta, naturalmente\",\"publisher\":{\"@id\":\"https:\\\/\\\/www.kialocosmetics.com\\\/#organization\"},\"alternateName\":\"Kialo\",\"potentialAction\":[{\"@type\":\"SearchAction\",\"target\":{\"@type\":\"EntryPoint\",\"urlTemplate\":\"https:\\\/\\\/www.kialocosmetics.com\\\/?s={search_term_string}\"},\"query-input\":{\"@type\":\"PropertyValueSpecification\",\"valueRequired\":true,\"valueName\":\"search_term_string\"}}],\"inLanguage\":\"de\"},{\"@type\":\"Organization\",\"@id\":\"https:\\\/\\\/www.kialocosmetics.com\\\/#organization\",\"name\":\"Kialo\",\"url\":\"https:\\\/\\\/www.kialocosmetics.com\\\/\",\"logo\":{\"@type\":\"ImageObject\",\"inLanguage\":\"de\",\"@id\":\"https:\\\/\\\/www.kialocosmetics.com\\\/#\\\/schema\\\/logo\\\/image\\\/\",\"url\":\"https:\\\/\\\/www.kialocosmetics.com\\\/wp-content\\\/uploads\\\/2024\\\/05\\\/kialo-logotipo-verde-rgb-1200px-w-72ppi.png\",\"contentUrl\":\"https:\\\/\\\/www.kialocosmetics.com\\\/wp-content\\\/uploads\\\/2024\\\/05\\\/kialo-logotipo-verde-rgb-1200px-w-72ppi.png\",\"width\":1200,\"height\":396,\"caption\":\"Kialo\"},\"image\":{\"@id\":\"https:\\\/\\\/www.kialocosmetics.com\\\/#\\\/schema\\\/logo\\\/image\\\/\"},\"sameAs\":[\"https:\\\/\\\/www.facebook.com\\\/profile.php?id=61558155237230&locale=es_LA\",\"https:\\\/\\\/www.instagram.com\\\/kialocosmetics\\\/\",\"https:\\\/\\\/www.pinterest.es\\\/kialocosmetics\\\/\",\"https:\\\/\\\/www.tiktok.com\\\/@kialocosmetics\"]}]}<\/script>\n<!-- \/ Yoast SEO plugin. -->","yoast_head_json":{"title":"Festes Duschgel Temis - Kialo","robots":{"index":"index","follow":"follow","max-snippet":"max-snippet:-1","max-image-preview":"max-image-preview:large","max-video-preview":"max-video-preview:-1"},"canonical":"https:\/\/www.kialocosmetics.com\/de\/producto\/festes-duschgel-temis\/","og_locale":"de_DE","og_type":"article","og_title":"Festes Duschgel Temis - Kialo","og_description":"GLEICHGEWICHT UND SCHUTZ F\u00dcR DEINE HAUT Inspiriert von der G\u00f6ttin der Gerechtigkeit und Ordnung im Kosmos, ist Temis eine nat\u00fcrliche Seife, die deine Haut mit einer Synergie aus edlen und sorgf\u00e4ltig ausgew\u00e4hlten Inhaltsstoffen ins Gleichgewicht bringt und sch\u00fctzt. Ihre vegane Formel kombiniert pflanzliche \u00d6le und Butter mit botanischen Extrakten, um eine gr\u00fcndliche Reinigung zu bieten, [&hellip;]","og_url":"https:\/\/www.kialocosmetics.com\/de\/producto\/festes-duschgel-temis\/","og_site_name":"Kialo","article_publisher":"https:\/\/www.facebook.com\/profile.php?id=61558155237230&locale=es_LA","article_modified_time":"2025-08-21T07:56:24+00:00","og_image":[{"width":1600,"height":1330,"url":"https:\/\/www.kialocosmetics.com\/wp-content\/uploads\/2025\/03\/temis-gel-adulto.jpeg","type":"image\/jpeg"}],"twitter_card":"summary_large_image","twitter_misc":{"Gesch\u00e4tzte Lesezeit":"1\u00a0Minute"},"schema":{"@context":"https:\/\/schema.org","@graph":[{"@type":"WebPage","@id":"https:\/\/www.kialocosmetics.com\/de\/producto\/festes-duschgel-temis\/","url":"https:\/\/www.kialocosmetics.com\/de\/producto\/festes-duschgel-temis\/","name":"Festes Duschgel Temis - Kialo","isPartOf":{"@id":"https:\/\/www.kialocosmetics.com\/#website"},"primaryImageOfPage":{"@id":"https:\/\/www.kialocosmetics.com\/de\/producto\/festes-duschgel-temis\/#primaryimage"},"image":{"@id":"https:\/\/www.kialocosmetics.com\/de\/producto\/festes-duschgel-temis\/#primaryimage"},"thumbnailUrl":"https:\/\/www.kialocosmetics.com\/wp-content\/uploads\/2025\/03\/temis-gel-adulto.jpeg","datePublished":"2025-03-26T16:45:56+00:00","dateModified":"2025-08-21T07:56:24+00:00","breadcrumb":{"@id":"https:\/\/www.kialocosmetics.com\/de\/producto\/festes-duschgel-temis\/#breadcrumb"},"inLanguage":"de","potentialAction":[{"@type":"ReadAction","target":["https:\/\/www.kialocosmetics.com\/de\/producto\/festes-duschgel-temis\/"]}]},{"@type":"ImageObject","inLanguage":"de","@id":"https:\/\/www.kialocosmetics.com\/de\/producto\/festes-duschgel-temis\/#primaryimage","url":"https:\/\/www.kialocosmetics.com\/wp-content\/uploads\/2025\/03\/temis-gel-adulto.jpeg","contentUrl":"https:\/\/www.kialocosmetics.com\/wp-content\/uploads\/2025\/03\/temis-gel-adulto.jpeg","width":1600,"height":1330,"caption":"Gel adulto Temis"},{"@type":"BreadcrumbList","@id":"https:\/\/www.kialocosmetics.com\/de\/producto\/festes-duschgel-temis\/#breadcrumb","itemListElement":[{"@type":"ListItem","position":1,"name":"Portada","item":"https:\/\/www.kialocosmetics.com\/de\/"},{"@type":"ListItem","position":2,"name":"Shop","item":"https:\/\/www.kialocosmetics.com\/tienda\/"},{"@type":"ListItem","position":3,"name":"Festes Duschgel Temis"}]},{"@type":"WebSite","@id":"https:\/\/www.kialocosmetics.com\/#website","url":"https:\/\/www.kialocosmetics.com\/","name":"Kialo cosmetics","description":"Cosm\u00e9tica honesta, naturalmente","publisher":{"@id":"https:\/\/www.kialocosmetics.com\/#organization"},"alternateName":"Kialo","potentialAction":[{"@type":"SearchAction","target":{"@type":"EntryPoint","urlTemplate":"https:\/\/www.kialocosmetics.com\/?s={search_term_string}"},"query-input":{"@type":"PropertyValueSpecification","valueRequired":true,"valueName":"search_term_string"}}],"inLanguage":"de"},{"@type":"Organization","@id":"https:\/\/www.kialocosmetics.com\/#organization","name":"Kialo","url":"https:\/\/www.kialocosmetics.com\/","logo":{"@type":"ImageObject","inLanguage":"de","@id":"https:\/\/www.kialocosmetics.com\/#\/schema\/logo\/image\/","url":"https:\/\/www.kialocosmetics.com\/wp-content\/uploads\/2024\/05\/kialo-logotipo-verde-rgb-1200px-w-72ppi.png","contentUrl":"https:\/\/www.kialocosmetics.com\/wp-content\/uploads\/2024\/05\/kialo-logotipo-verde-rgb-1200px-w-72ppi.png","width":1200,"height":396,"caption":"Kialo"},"image":{"@id":"https:\/\/www.kialocosmetics.com\/#\/schema\/logo\/image\/"},"sameAs":["https:\/\/www.facebook.com\/profile.php?id=61558155237230&locale=es_LA","https:\/\/www.instagram.com\/kialocosmetics\/","https:\/\/www.pinterest.es\/kialocosmetics\/","https:\/\/www.tiktok.com\/@kialocosmetics"]}]}},"_links":{"self":[{"href":"https:\/\/www.kialocosmetics.com\/de\/wp-json\/wp\/v2\/product\/2115","targetHints":{"allow":["GET"]}}],"collection":[{"href":"https:\/\/www.kialocosmetics.com\/de\/wp-json\/wp\/v2\/product"}],"about":[{"href":"https:\/\/www.kialocosmetics.com\/de\/wp-json\/wp\/v2\/types\/product"}],"wp:featuredmedia":[{"embeddable":true,"href":"https:\/\/www.kialocosmetics.com\/de\/wp-json\/wp\/v2\/media\/2117"}],"wp:attachment":[{"href":"https:\/\/www.kialocosmetics.com\/de\/wp-json\/wp\/v2\/media?parent=2115"}],"wp:term":[{"taxonomy":"product_brand","embeddable":true,"href":"https:\/\/www.kialocosmetics.com\/de\/wp-json\/wp\/v2\/product_brand?post=2115"},{"taxonomy":"product_cat","embeddable":true,"href":"https:\/\/www.kialocosmetics.com\/de\/wp-json\/wp\/v2\/product_cat?post=2115"},{"taxonomy":"product_tag","embeddable":true,"href":"https:\/\/www.kialocosmetics.com\/de\/wp-json\/wp\/v2\/product_tag?post=2115"}],"curies":[{"name":"wp","href":"https:\/\/api.w.org\/{rel}","templated":true}]}}